{"id":9308,"date":"2024-06-20T16:35:18","date_gmt":"2024-06-20T20:35:18","guid":{"rendered":"https:\/\/www.calian.com\/health\/?page_id=9308"},"modified":"2024-07-29T10:55:13","modified_gmt":"2024-07-29T14:55:13","slug":"politique-de-confidentialite","status":"publish","type":"page","link":"https:\/\/www.calian.com\/health\/fr\/politique-de-confidentialite\/","title":{"rendered":"Politique de confidentialit\u00e9 en mati\u00e8re de sant\u00e9"},"content":{"rendered":"\n<div class=\"tbk-hydrate-component\" data-cid=\"6224fa3a-60dc-443c-b216-2c9916df1fec\" data-component=\"Hero\"><section class=\"calian-hero d-flex h-100 position-relative overflow-hidden nav-indent wp-block-calian-com-components-calian-hero media-position-wallpaper overlay-solid breadcrumbs-hidden\"><div class=\"container\"><div class=\"row\"><div class=\"calian-hero__content d-flex col-lg flex-column pb-3 justify-content-center text-left\"><div class=\"calian-hero__copy-wrapper\"><h1 class=\"calian-hero__heading\">Politique de confidentialit\u00e9 de Solutions Sant\u00e9 Calian<\/h1><div class=\"calian-hero__text mt-2 mb-4\"><br\/><\/div><\/div><\/div><\/div><\/div><div class=\"calian-hero__overlay overlay-solid position-absolute w-100 h-100 top-0 start-0\"><\/div><span><\/span><\/section><\/div>\n\n<div class=\"tbk-hydrate-component\" data-cid=\"1790015a-cec3-44eb-bd28-82da8a23e3b8\" data-component=\"Spacer\"><div class=\"calian-spacer wp-block-calian-com-components-calian-spacer\"><\/div><\/div>\n\n<div class=\"tbk-hydrate-component\" data-cid=\"b5b3b32a-b3b7-4d21-b475-9e6c0e80dc29\" data-component=\"Container\"><div class=\"container wp-block-tbk-components-container\" style=\"background-position:center;background-size:cover\"><div>\n<h3 class=\"wp-block-heading\">Introduction<\/h3>\n\n\n\n<div class=\"tbk-hydrate-component\" data-cid=\"49770009-cf03-41fc-b017-76eb8721f093\" data-component=\"Spacer\"><div class=\"calian-spacer calian-spacer--extra-small wp-block-calian-com-components-calian-spacer\"><\/div><\/div>\n\n\n\n<p>La pr\u00e9sente politique de confidentialit\u00e9 explique comment les solutions de sant\u00e9 de Calian collectent, utilisent et divulguent vos informations personnelles (IP) et vos informations de sant\u00e9 personnelles (ISP) <a>dans le cadre de l&#8217;utilisation de<\/a> nos produits ou services par un prestataire de soins de sant\u00e9 ou un organisme de recherche (\u00e9galement appel\u00e9 \u00ab client <a> \u00bb,<\/a> \u00ab d\u00e9positaire d&#8217;informations de sant\u00e9 \u00bb). Cette politique doit \u00eatre lue conjointement avec la politique de confidentialit\u00e9 de Calian. Nous nous engageons \u00e0 prot\u00e9ger la confidentialit\u00e9 et la s\u00e9curit\u00e9 de vos informations et \u00e0 respecter toutes les lois et r\u00e9glementations applicables, y compris, mais sans s&#8217;y limiter, la loi sur la protection des informations personnelles et les documents \u00e9lectroniques (\u00ab PIPEDA \u00bb) et\/ou toute autre l\u00e9gislation nationale\/f\u00e9d\u00e9rale ou \u00e9tatique\/provinciale applicable en mati\u00e8re de protection de la vie priv\u00e9e.<\/p>\n\n\n\n<div class=\"tbk-hydrate-component\" data-cid=\"8cd69982-b856-423c-90f0-b28a1d012a49\" data-component=\"Spacer\"><div class=\"calian-spacer calian-spacer--small wp-block-calian-com-components-calian-spacer\"><\/div><\/div>\n\n\n\n<h3 class=\"wp-block-heading\">Champ d&#8217;application<\/h3>\n\n\n\n<div class=\"tbk-hydrate-component\" data-cid=\"49770009-cf03-41fc-b017-76eb8721f093\" data-component=\"Spacer\"><div class=\"calian-spacer calian-spacer--extra-small wp-block-calian-com-components-calian-spacer\"><\/div><\/div>\n\n\n\n<p>Le pr\u00e9sent avis s&#8217;applique aux solutions de sant\u00e9 suivantes, qui seront d\u00e9sign\u00e9es collectivement sous le nom de \u00ab Sant\u00e9 Calian \u00bb :<\/p>\n\n\n\n<ul class=\"wp-block-list\">\n<li>Conception et mise en \u0153uvre d\u2019un programme de soutien aux patients (PSP)<\/li>\n\n\n\n<li>Services d&#8217;organismes de recherche sous contrat (CRO)<\/li>\n\n\n\n<li>Expertise th\u00e9rapeutique<\/li>\n\n\n\n<li>Int\u00e9gration des syst\u00e8mes de sant\u00e9<\/li>\n\n\n\n<li>Gestion des ressources de l&#8217;entreprise dans le secteur de la sant\u00e9<\/li>\n\n\n\n<li>Gestion immobili\u00e8re dans le secteur de la sant\u00e9<\/li>\n\n\n\n<li>Services psychologiques<\/li>\n<\/ul>\n\n\n\n<div class=\"tbk-hydrate-component\" data-cid=\"8cd69982-b856-423c-90f0-b28a1d012a49\" data-component=\"Spacer\"><div class=\"calian-spacer calian-spacer--small wp-block-calian-com-components-calian-spacer\"><\/div><\/div>\n\n\n\n<h3 class=\"wp-block-heading\">Responsabilit\u00e9<\/h3>\n\n\n\n<div class=\"tbk-hydrate-component\" data-cid=\"49770009-cf03-41fc-b017-76eb8721f093\" data-component=\"Spacer\"><div class=\"calian-spacer calian-spacer--extra-small wp-block-calian-com-components-calian-spacer\"><\/div><\/div>\n\n\n\n<p>Lorsque votre prestataire de soins de sant\u00e9 ou votre organisme de recherche recueille vos PHI <a>par le biais des<\/a> produits ou services de sant\u00e9 de Calian, le prestataire ou l&#8217;organisme de recherche est le d\u00e9positaire des informations de sant\u00e9 et est responsable de la confidentialit\u00e9 et de la s\u00e9curit\u00e9 des PHI. Dans ce contexte, Calian est un agent ou un fournisseur de services \u00e9lectroniques pour le prestataire de soins de sant\u00e9 ou l&#8217;organisme de recherche et n&#8217;est responsable que des \u00e9l\u00e9ments suivants :<\/p>\n\n\n\n<ul class=\"wp-block-list\">\n<li>les aider \u00e0 respecter leurs obligations en mati\u00e8re de protection de la vie priv\u00e9e dans la mesure o\u00f9 cela est n\u00e9cessaire et li\u00e9 \u00e0 leurs services, et<\/li>\n\n\n\n<li>les informer d&#8217;une violation de la vie priv\u00e9e et\/ou de la s\u00e9curit\u00e9 dans les meilleurs d\u00e9lais et les aider, le cas \u00e9ch\u00e9ant, \u00e0 r\u00e9agir \u00e0 la violation.<\/li>\n<\/ul>\n\n\n\n<div class=\"tbk-hydrate-component\" data-cid=\"8cd69982-b856-423c-90f0-b28a1d012a49\" data-component=\"Spacer\"><div class=\"calian-spacer calian-spacer--small wp-block-calian-com-components-calian-spacer\"><\/div><\/div>\n\n\n\n<h3 class=\"wp-block-heading\">Collecte d&#8217;informations<\/h3>\n\n\n\n<div class=\"tbk-hydrate-component\" data-cid=\"49770009-cf03-41fc-b017-76eb8721f093\" data-component=\"Spacer\"><div class=\"calian-spacer calian-spacer--extra-small wp-block-calian-com-components-calian-spacer\"><\/div><\/div>\n\n\n\n<p>Calian Sant\u00e9 ne recueille aucune information sur la sant\u00e9 publique. Votre prestataire de soins de sant\u00e9 ou organisme de recherche conserve le contr\u00f4le exclusif de vos PHI et les d\u00e9termine :<\/p>\n\n\n\n<ul class=\"wp-block-list\">\n<li>Quels renseignements personnels collecter et \u00e0 quelles fins<\/li>\n\n\n\n<li>Comment ils utiliseront les PHI<\/li>\n\n\n\n<li>Qui a acc\u00e8s aux PHI<\/li>\n\n\n\n<li>La dur\u00e9e de stockage et de conservation des PHI<\/li>\n\n\n\n<li>Comment se d\u00e9barrasser des PHI<\/li>\n<\/ul>\n\n\n\n<p>Il incombe \u00e0 votre prestataire de soins de sant\u00e9 de se conformer aux lois et r\u00e9glementations applicables en mati\u00e8re de protection de la vie priv\u00e9e qui r\u00e9gissent l&#8217;utilisation des PHI et de d\u00e9terminer la base juridique de cette utilisation.<\/p>\n\n\n\n<div class=\"tbk-hydrate-component\" data-cid=\"8cd69982-b856-423c-90f0-b28a1d012a49\" data-component=\"Spacer\"><div class=\"calian-spacer calian-spacer--small wp-block-calian-com-components-calian-spacer\"><\/div><\/div>\n\n\n\n<h3 class=\"wp-block-heading\">Utilisation et divulgation de l&#8217;information<\/h3>\n\n\n\n<div class=\"tbk-hydrate-component\" data-cid=\"49770009-cf03-41fc-b017-76eb8721f093\" data-component=\"Spacer\"><div class=\"calian-spacer calian-spacer--extra-small wp-block-calian-com-components-calian-spacer\"><\/div><\/div>\n\n\n\n<p>Nous ne collectons pas, n&#8217;utilisons pas et ne divulguons pas de PHI. Toutefois, nous pouvons collecter d&#8217;autres types d&#8217;informations lors de la prestation de services et partager ces informations avec les parties suivantes :<\/p>\n\n\n\n<ul class=\"wp-block-list\">\n<li>Votre prestataire de soins de sant\u00e9 : pour assurer les services n\u00e9cessaires, tels que la r\u00e9paration ou la mise \u00e0 jour du logiciel ou des solutions, \u00e0 la demande du prestataire.<\/li>\n\n\n\n<li>Prestataires de services tiers : pour am\u00e9liorer la qualit\u00e9 ou la fonctionnalit\u00e9 de nos produits et services. Nous utiliserons \u00e0 cette fin des donn\u00e9es d\u00e9personnalis\u00e9es ou agr\u00e9g\u00e9es.<\/li>\n\n\n\n<li>Autorit\u00e9s gouvernementales : pour se conformer \u00e0 une d\u00e9cision de justice ou pour signaler un incident de sant\u00e9 publique.<\/li>\n<\/ul>\n\n\n\n<div class=\"tbk-hydrate-component\" data-cid=\"8cd69982-b856-423c-90f0-b28a1d012a49\" data-component=\"Spacer\"><div class=\"calian-spacer calian-spacer--small wp-block-calian-com-components-calian-spacer\"><\/div><\/div>\n\n\n\n<h3 class=\"wp-block-heading\"><a>Conservation et \u00e9limination des informations<\/a><\/h3>\n\n\n\n<div class=\"tbk-hydrate-component\" data-cid=\"49770009-cf03-41fc-b017-76eb8721f093\" data-component=\"Spacer\"><div class=\"calian-spacer calian-spacer--extra-small wp-block-calian-com-components-calian-spacer\"><\/div><\/div>\n\n\n\n<p>En tant que d\u00e9positaire d&#8217;informations sur la sant\u00e9, votre prestataire de soins de sant\u00e9 est seul responsable de l&#8217;\u00e9tablissement des exigences en mati\u00e8re de conservation des PHI.<\/p>\n\n\n\n<div class=\"tbk-hydrate-component\" data-cid=\"8cd69982-b856-423c-90f0-b28a1d012a49\" data-component=\"Spacer\"><div class=\"calian-spacer calian-spacer--small wp-block-calian-com-components-calian-spacer\"><\/div><\/div>\n\n\n\n<h3 class=\"wp-block-heading\"><a><\/a><a>Vos droits<\/a><\/h3>\n\n\n\n<div class=\"tbk-hydrate-component\" data-cid=\"49770009-cf03-41fc-b017-76eb8721f093\" data-component=\"Spacer\"><div class=\"calian-spacer calian-spacer--extra-small wp-block-calian-com-components-calian-spacer\"><\/div><\/div>\n\n\n\n<p>Vous avez le droit d&#8217;acc\u00e9der \u00e0 vos PHI\/PI, de les corriger ou de les mettre \u00e0 jour. Veuillez contacter votre prestataire de soins de sant\u00e9 pour toute demande d&#8217;acc\u00e8s ou de correction de vos PHI\/PI.<\/p>\n\n\n\n<div class=\"tbk-hydrate-component\" data-cid=\"8cd69982-b856-423c-90f0-b28a1d012a49\" data-component=\"Spacer\"><div class=\"calian-spacer calian-spacer--small wp-block-calian-com-components-calian-spacer\"><\/div><\/div>\n\n\n\n<h3 class=\"wp-block-heading\"><a><\/a><a><\/a><a>S\u00e9curit\u00e9<\/a><\/h3>\n\n\n\n<div class=\"tbk-hydrate-component\" data-cid=\"49770009-cf03-41fc-b017-76eb8721f093\" data-component=\"Spacer\"><div class=\"calian-spacer calian-spacer--extra-small wp-block-calian-com-components-calian-spacer\"><\/div><\/div>\n\n\n\n<p>Nous avons mis en place des mesures de s\u00e9curit\u00e9 pour prot\u00e9ger vos PHI contre l&#8217;acc\u00e8s, l&#8217;utilisation, la divulgation, l&#8217;alt\u00e9ration ou la destruction non autoris\u00e9s. Ces mesures sont les suivantes :<\/p>\n\n\n\n<ul class=\"wp-block-list\">\n<li>Protocoles de stockage et de transmission s\u00e9curis\u00e9s des donn\u00e9es<\/li>\n\n\n\n<li>Contr\u00f4les de l&#8217;authentification et de l&#8217;autorisation des utilisateurs<\/li>\n\n\n\n<li>Audits et \u00e9valuations r\u00e9guliers de la s\u00e9curit\u00e9<\/li>\n<\/ul>\n\n\n\n<div class=\"tbk-hydrate-component\" data-cid=\"8cd69982-b856-423c-90f0-b28a1d012a49\" data-component=\"Spacer\"><div class=\"calian-spacer calian-spacer--small wp-block-calian-com-components-calian-spacer\"><\/div><\/div>\n\n\n\n<h3 class=\"wp-block-heading\"><a><\/a><a><\/a><a><\/a><a>Modifications de la pr\u00e9sente politique de protection de la vie priv\u00e9e<\/a><\/h3>\n\n\n\n<div class=\"tbk-hydrate-component\" data-cid=\"49770009-cf03-41fc-b017-76eb8721f093\" data-component=\"Spacer\"><div class=\"calian-spacer calian-spacer--extra-small wp-block-calian-com-components-calian-spacer\"><\/div><\/div>\n\n\n\n<p>Nous pouvons mettre \u00e0 jour cette politique de confidentialit\u00e9 de temps \u00e0 autre pour refl\u00e9ter les changements dans nos pratiques ou les exigences l\u00e9gales.<\/p>\n\n\n\n<div class=\"tbk-hydrate-component\" data-cid=\"8cd69982-b856-423c-90f0-b28a1d012a49\" data-component=\"Spacer\"><div class=\"calian-spacer calian-spacer--small wp-block-calian-com-components-calian-spacer\"><\/div><\/div>\n\n\n\n<h3 class=\"wp-block-heading\"><a><\/a><a><\/a><a><\/a><a><\/a><a>Nous contacter<\/a><\/h3>\n\n\n\n<div class=\"tbk-hydrate-component\" data-cid=\"49770009-cf03-41fc-b017-76eb8721f093\" data-component=\"Spacer\"><div class=\"calian-spacer calian-spacer--extra-small wp-block-calian-com-components-calian-spacer\"><\/div><\/div>\n\n\n\n<p>Si vous avez des questions concernant la pr\u00e9sente politique de confidentialit\u00e9, veuillez nous contacter \u00e0 l&#8217;adresse suivante :<\/p>\n\n\n\n<p>\u00c0 l&#8217;attention de l&#8217;agent de la vie priv\u00e9e<br\/>770 Palladium Drive, Ottawa, Ontario K2V 1C8<br\/>Num\u00e9ro sans frais : 1 877 225-4264<br\/>Courriel : <a href=\"mailto:privacy@calian.com\">privacy@calian.com<\/a><\/p>\n\n\n\n<p><\/p>\n\n\n\n<div class=\"tbk-hydrate-component\" data-cid=\"a26b89f8-2d9f-4b64-80a9-ac6803ffb8c0\" data-component=\"Spacer\"><div class=\"calian-spacer wp-block-calian-com-components-calian-spacer\"><\/div><\/div>\n<\/div><\/div><\/div>\n","protected":false},"excerpt":{"rendered":"<p>Politique de confidentialit\u00e9 de Solutions Sant\u00e9 Calian <br \/> Introduction <\/p>\n<p> La pr\u00e9sente politique de confidentialit\u00e9 explique comment les solutions de sant\u00e9 de Calian collectent, utilisent et divulguent vos informations personnelles (IP) et vos informations de sant\u00e9 personnelles (ISP) <a> dans le cadre de l&#8217;utilisation de <\/a> nos produits ou services par un prestataire de soins de sant\u00e9 ou un organisme &hellip;<\/p>\n","protected":false},"author":2,"featured_media":0,"parent":0,"menu_order":69,"comment_status":"closed","ping_status":"closed","template":"","meta":{"_acf_changed":false,"content-type":"","footnotes":""},"solution":[],"industry":[112],"type_classification":[],"class_list":["post-9308","page","type-page","status-publish","hentry","industry-sante"],"acf":[],"yoast_head":"<!-- This site is optimized with the Yoast SEO plugin v26.4 - https:\/\/yoast.com\/wordpress\/plugins\/seo\/ -->\n<title>Politique de confidentialit\u00e9 en mati\u00e8re de sant\u00e9 - Sant\u00e9 | Calian<\/title>\n<meta name=\"robots\" content=\"index, follow, max-snippet:-1, max-image-preview:large, max-video-preview:-1\" \/>\n<link rel=\"canonical\" href=\"https:\/\/www.calian.com\/health\/fr\/politique-de-confidentialite\/\" \/>\n<meta property=\"og:locale\" content=\"fr_FR\" \/>\n<meta property=\"og:type\" content=\"article\" \/>\n<meta property=\"og:title\" content=\"Politique de confidentialit\u00e9 en mati\u00e8re de sant\u00e9 - Sant\u00e9 | Calian\" \/>\n<meta property=\"og:description\" content=\"Politique de confidentialit\u00e9 de Solutions Sant\u00e9 Calian Introduction La pr\u00e9sente politique de confidentialit\u00e9 explique comment les solutions de sant\u00e9 de Calian collectent, utilisent et divulguent vos informations personnelles (IP) et vos informations de sant\u00e9 personnelles (ISP) dans le cadre de l&#8217;utilisation de nos produits ou services par un prestataire de soins de sant\u00e9 ou un organisme &hellip;\" \/>\n<meta property=\"og:url\" content=\"https:\/\/www.calian.com\/health\/fr\/politique-de-confidentialite\/\" \/>\n<meta property=\"og:site_name\" content=\"Calian Sant\u00e9\" \/>\n<meta property=\"article:publisher\" content=\"https:\/\/www.facebook.com\/CalianGroup\/\" \/>\n<meta property=\"article:modified_time\" content=\"2024-07-29T14:55:13+00:00\" \/>\n<meta name=\"twitter:card\" content=\"summary_large_image\" \/>\n<meta name=\"twitter:site\" content=\"@CalianGroup\" \/>\n<meta name=\"twitter:label1\" content=\"Est. reading time\" \/>\n\t<meta name=\"twitter:data1\" content=\"1 minute\" \/>\n<script type=\"application\/ld+json\" class=\"yoast-schema-graph\">{\"@context\":\"https:\/\/schema.org\",\"@graph\":[{\"@type\":\"WebPage\",\"@id\":\"https:\/\/www.calian.com\/health\/fr\/politique-de-confidentialite\/\",\"url\":\"https:\/\/www.calian.com\/health\/fr\/politique-de-confidentialite\/\",\"name\":\"Politique de confidentialit\u00e9 en mati\u00e8re de sant\u00e9 - Sant\u00e9 | Calian\",\"isPartOf\":{\"@id\":\"https:\/\/www.calian.com\/health\/fr\/en\/#website\"},\"datePublished\":\"2024-06-20T20:35:18+00:00\",\"dateModified\":\"2024-07-29T14:55:13+00:00\",\"inLanguage\":\"fr-FR\",\"potentialAction\":[{\"@type\":\"ReadAction\",\"target\":[\"https:\/\/www.calian.com\/health\/fr\/politique-de-confidentialite\/\"]}]},{\"@type\":\"WebSite\",\"@id\":\"https:\/\/www.calian.com\/health\/fr\/en\/#website\",\"url\":\"https:\/\/www.calian.com\/health\/fr\/en\/\",\"name\":\"Calian Sant\u00e9\",\"description\":\"\",\"publisher\":{\"@id\":\"https:\/\/www.calian.com\/health\/fr\/en\/#organization\"},\"potentialAction\":[{\"@type\":\"SearchAction\",\"target\":{\"@type\":\"EntryPoint\",\"urlTemplate\":\"https:\/\/www.calian.com\/health\/fr\/en\/?s={search_term_string}\"},\"query-input\":{\"@type\":\"PropertyValueSpecification\",\"valueRequired\":true,\"valueName\":\"search_term_string\"}}],\"inLanguage\":\"fr-FR\"},{\"@type\":\"Organization\",\"@id\":\"https:\/\/www.calian.com\/health\/fr\/en\/#organization\",\"name\":\"Calian\",\"url\":\"https:\/\/www.calian.com\/health\/fr\/en\/\",\"logo\":{\"@type\":\"ImageObject\",\"inLanguage\":\"fr-FR\",\"@id\":\"https:\/\/www.calian.com\/health\/fr\/en\/#\/schema\/logo\/image\/\",\"url\":\"https:\/\/sites.calian.com\/app\/uploads\/sites\/7\/2023\/12\/Calian-Logo-Tag-RGB-seo.webp\",\"contentUrl\":\"https:\/\/sites.calian.com\/app\/uploads\/sites\/7\/2023\/12\/Calian-Logo-Tag-RGB-seo.webp\",\"width\":696,\"height\":348,\"caption\":\"Calian\"},\"image\":{\"@id\":\"https:\/\/www.calian.com\/health\/fr\/en\/#\/schema\/logo\/image\/\"},\"sameAs\":[\"https:\/\/www.facebook.com\/CalianGroup\/\",\"https:\/\/x.com\/CalianGroup\",\"https:\/\/www.linkedin.com\/company\/calian\/\"]}]}<\/script>\n<!-- \/ Yoast SEO plugin. -->","yoast_head_json":{"title":"Politique de confidentialit\u00e9 en mati\u00e8re de sant\u00e9 - Sant\u00e9 | Calian","robots":{"index":"index","follow":"follow","max-snippet":"max-snippet:-1","max-image-preview":"max-image-preview:large","max-video-preview":"max-video-preview:-1"},"canonical":"https:\/\/www.calian.com\/health\/fr\/politique-de-confidentialite\/","og_locale":"fr_FR","og_type":"article","og_title":"Politique de confidentialit\u00e9 en mati\u00e8re de sant\u00e9 - Sant\u00e9 | Calian","og_description":"Politique de confidentialit\u00e9 de Solutions Sant\u00e9 Calian Introduction La pr\u00e9sente politique de confidentialit\u00e9 explique comment les solutions de sant\u00e9 de Calian collectent, utilisent et divulguent vos informations personnelles (IP) et vos informations de sant\u00e9 personnelles (ISP) dans le cadre de l&#8217;utilisation de nos produits ou services par un prestataire de soins de sant\u00e9 ou un organisme &hellip;","og_url":"https:\/\/www.calian.com\/health\/fr\/politique-de-confidentialite\/","og_site_name":"Calian Sant\u00e9","article_publisher":"https:\/\/www.facebook.com\/CalianGroup\/","article_modified_time":"2024-07-29T14:55:13+00:00","twitter_card":"summary_large_image","twitter_site":"@CalianGroup","twitter_misc":{"Est. reading time":"1 minute"},"schema":{"@context":"https:\/\/schema.org","@graph":[{"@type":"WebPage","@id":"https:\/\/www.calian.com\/health\/fr\/politique-de-confidentialite\/","url":"https:\/\/www.calian.com\/health\/fr\/politique-de-confidentialite\/","name":"Politique de confidentialit\u00e9 en mati\u00e8re de sant\u00e9 - Sant\u00e9 | Calian","isPartOf":{"@id":"https:\/\/www.calian.com\/health\/fr\/en\/#website"},"datePublished":"2024-06-20T20:35:18+00:00","dateModified":"2024-07-29T14:55:13+00:00","inLanguage":"fr-FR","potentialAction":[{"@type":"ReadAction","target":["https:\/\/www.calian.com\/health\/fr\/politique-de-confidentialite\/"]}]},{"@type":"WebSite","@id":"https:\/\/www.calian.com\/health\/fr\/en\/#website","url":"https:\/\/www.calian.com\/health\/fr\/en\/","name":"Calian Sant\u00e9","description":"","publisher":{"@id":"https:\/\/www.calian.com\/health\/fr\/en\/#organization"},"potentialAction":[{"@type":"SearchAction","target":{"@type":"EntryPoint","urlTemplate":"https:\/\/www.calian.com\/health\/fr\/en\/?s={search_term_string}"},"query-input":{"@type":"PropertyValueSpecification","valueRequired":true,"valueName":"search_term_string"}}],"inLanguage":"fr-FR"},{"@type":"Organization","@id":"https:\/\/www.calian.com\/health\/fr\/en\/#organization","name":"Calian","url":"https:\/\/www.calian.com\/health\/fr\/en\/","logo":{"@type":"ImageObject","inLanguage":"fr-FR","@id":"https:\/\/www.calian.com\/health\/fr\/en\/#\/schema\/logo\/image\/","url":"https:\/\/sites.calian.com\/app\/uploads\/sites\/7\/2023\/12\/Calian-Logo-Tag-RGB-seo.webp","contentUrl":"https:\/\/sites.calian.com\/app\/uploads\/sites\/7\/2023\/12\/Calian-Logo-Tag-RGB-seo.webp","width":696,"height":348,"caption":"Calian"},"image":{"@id":"https:\/\/www.calian.com\/health\/fr\/en\/#\/schema\/logo\/image\/"},"sameAs":["https:\/\/www.facebook.com\/CalianGroup\/","https:\/\/x.com\/CalianGroup","https:\/\/www.linkedin.com\/company\/calian\/"]}]}},"_links":{"self":[{"href":"https:\/\/health.calian.com\/fr\/wp-json\/wp\/v2\/pages\/9308","targetHints":{"allow":["GET"]}}],"collection":[{"href":"https:\/\/health.calian.com\/fr\/wp-json\/wp\/v2\/pages"}],"about":[{"href":"https:\/\/health.calian.com\/fr\/wp-json\/wp\/v2\/types\/page"}],"author":[{"embeddable":true,"href":"https:\/\/health.calian.com\/fr\/wp-json\/wp\/v2\/users\/2"}],"replies":[{"embeddable":true,"href":"https:\/\/health.calian.com\/fr\/wp-json\/wp\/v2\/comments?post=9308"}],"version-history":[{"count":9,"href":"https:\/\/health.calian.com\/fr\/wp-json\/wp\/v2\/pages\/9308\/revisions"}],"predecessor-version":[{"id":9444,"href":"https:\/\/health.calian.com\/fr\/wp-json\/wp\/v2\/pages\/9308\/revisions\/9444"}],"wp:attachment":[{"href":"https:\/\/health.calian.com\/fr\/wp-json\/wp\/v2\/media?parent=9308"}],"wp:term":[{"taxonomy":"solution","embeddable":true,"href":"https:\/\/health.calian.com\/fr\/wp-json\/wp\/v2\/solution?post=9308"},{"taxonomy":"industry","embeddable":true,"href":"https:\/\/health.calian.com\/fr\/wp-json\/wp\/v2\/industry?post=9308"},{"taxonomy":"type_classification","embeddable":true,"href":"https:\/\/health.calian.com\/fr\/wp-json\/wp\/v2\/type_classification?post=9308"}],"curies":[{"name":"wp","href":"https:\/\/api.w.org\/{rel}","templated":true}]}}