{"id":7534,"date":"2023-09-11T20:04:35","date_gmt":"2023-09-12T00:04:35","guid":{"rendered":"https:\/\/www.calian.com\/health\/nous-contacter\/"},"modified":"2025-05-08T15:41:18","modified_gmt":"2025-05-08T19:41:18","slug":"nous-contacter","status":"publish","type":"page","link":"https:\/\/www.calian.com\/health\/fr\/nous-contacter\/","title":{"rendered":"Nous contacter"},"content":{"rendered":"\n<div class=\"tbk-hydrate-component\" data-cid=\"9b6fa9af-5d1c-41ab-a800-d32f0fc36800\" data-component=\"Hero\"><section class=\"calian-hero d-flex h-100 position-relative overflow-hidden nav-indent wp-block-calian-com-components-calian-hero media-position-wallpaper overlay-themed\"><div class=\"container\"><div class=\"row\"><div class=\"calian-hero__content d-flex col-lg flex-column pb-3 justify-content-center h-100 has-breadcrumbs text-left\"><div class=\"calian-hero__copy-wrapper\"><h1 class=\"calian-hero__heading text-white\">Nous contacter<\/h1><div class=\"calian-hero__text text-white mt-2 mb-4\"><br \/><\/div><\/div><div class=\"calian-hero__breadcrumbs mt-auto mb-0 pt-5 text-white\"><nav aria-label=\"breadcrumb\" class=\"breadcrumb-container\"><ol class=\"breadcrumb\"><li class=\"breadcrumb-item\"><a href=\"https:\/\/www.calian.com\/fr\/\" class=\"breadcrumb-item-link\">Accueil<\/a><\/li><li class=\"breadcrumb-item\"><a href=\"https:\/\/www.calian.com\/fr\/\" class=\"breadcrumb-item-link\">Unit\u00e9 d&#8217;affaires<\/a><\/li><li class=\"breadcrumb-item\" aria-current=\"page\">Titre de la page<\/li><\/ol><\/nav><\/div><\/div><div class=\"calian-hero__media col-md w-100 h-100 media-style-wallpaper position-absolute opacity-25 top-0 start-0 p-0\"><div class=\"media-wrapper ml-auto mr-0 w-100 h-100\"><div class=\"advanced-image w-100 h-100\"><img loading=\"lazy\" decoding=\"async\" src=\"https:\/\/sites.calian.com\/app\/uploads\/sites\/7\/2023\/10\/doctor-tablet-1024x683.png\" alt=\"\" width=\"1024\" height=\"683\" class=\"calian-hero__image\" \/><\/div><\/div><\/div><\/div><\/div><div class=\"calian-hero__overlay overlay-themed position-absolute w-100 h-100 top-0 start-0 has-image\"><\/div><span><\/span><\/section><\/div>\n\n<div class=\"tbk-hydrate-component\" data-cid=\"fc97876e-70c4-4fb8-b353-6c49a72c6fba\" data-component=\"CalianContainer\"><div class=\"calian-container calian-container-md text-center wp-block-calian-com-components-calian-container\"><div>\n<div class=\"tbk-hydrate-component\" data-cid=\"d789d2d6-6496-406f-9b72-78585de7e9a8\" data-component=\"Spacer\"><div class=\"calian-spacer wp-block-calian-com-components-calian-spacer\"><\/div><\/div>\n\n\n\n<h2 class=\"wp-block-heading has-text-align-center\">Contactez nos experts en sant\u00e9 pour savoir comment nos solutions peuvent vous aider.<\/h2>\n\n\n\n<p class=\"has-text-align-center\">Nos experts sont pr\u00eats \u00e0 aider votre organisation \u00e0 atteindre son potentiel maximal. Remplissez le formulaire ci-dessous pour r\u00e9server une d\u00e9monstration, demander un devis pour des services, obtenir plus d&#8217;informations ou contacter l&#8217;un de nos sp\u00e9cialistes en solutions de sant\u00e9.<\/p>\n\n\n\n<div class=\"wp-block-buttons is-layout-flex wp-block-buttons-is-layout-flex\">\n<div class=\"wp-block-button\"><a class=\"wp-block-button__link has-white-color has-text-color has-background has-link-color wp-element-button\" href=\"#team\" style=\"background-color:#355668\"><strong>Rencontrer l&#8217;\u00e9quipe<\/strong><\/a><\/div>\n<\/div>\n\n\n\n<div class=\"tbk-hydrate-component\" data-cid=\"7840401c-1e66-43d8-91dd-1778cb7fa7f1\" data-component=\"Spacer\"><div class=\"calian-spacer wp-block-calian-com-components-calian-spacer\"><\/div><\/div>\n<\/div><\/div><\/div>\n\n<div class=\"tbk-hydrate-component\" data-cid=\"bb7ad145-f423-4043-8515-dbd88a9ac1db\" data-component=\"ContactCTAHubSpot\"><div id=\"contact-form\" class=\"calian-contact-cta overflow-hidden position-relative inverted wp-block-calian-com-components-calian-contact-cta-hub-spot\"><div class=\"calian-contact-cta__overlay position-absolute z-2\"><\/div><img loading=\"lazy\" decoding=\"async\" src=\"https:\/\/sites.calian.com\/app\/uploads\/sites\/7\/2023\/12\/business-meeting.jpg\" alt=\"Un groupe d'hommes d'affaires discutant lors d'une r&#xE9;union.\" width=\"1024\" height=\"683\" class=\"calian-contact-cta__background-image position-absolute z-1\" \/><div class=\"calian-contact-cta__container mx-auto py-5 py-md-10 position-relative z-3\"><div class=\"d-flex\"><div class=\"calian-contact-cta__form mx-auto px-3 me-lg-0\"><div class=\"hs-form__container\" id=\"\"><div class=\"hs-form__container-inner\"><div class=\"d-flex justify-content-center p-1\"><div class=\"spinner-border text-primary \" role=\"status\" style=\"width:3rem;height:3rem\"><span class=\"visually-hidden\">Chargement&#8230;<\/span><\/div><\/div><div class=\"hs-form__target\"><\/div><\/div><\/div><\/div><\/div><\/div><\/div><\/div>\n\n<div class=\"tbk-hydrate-component\" data-cid=\"f68f169f-5224-4207-9dfd-0c190f4149fb\" data-component=\"Spacer\"><div id=\"\" class=\"calian-spacer wp-block-calian-com-components-calian-spacer\"><\/div><\/div>\n\n<div class=\"tbk-hydrate-component\" data-cid=\"daf369ec-b04b-4ec7-a960-fa4d4dd7bd05\" data-component=\"LocationTile\"><div><div class=\"d-flex justify-content-center p-1\"><div class=\"spinner-border text-primary \" role=\"status\" style=\"width:3rem;height:3rem\"><span class=\"visually-hidden\">Chargement&#8230;<\/span><\/div><\/div><\/div><\/div>\n\n<div class=\"tbk-hydrate-component\" data-cid=\"2bf55783-92e5-43a8-a2e5-8397aecff8fb\" data-component=\"CalianContainer\"><div class=\"calian-container calian-container-lg wp-block-calian-com-components-calian-container\"><div>\n<div class=\"tbk-hydrate-component\" data-cid=\"2a5ef4a6-871d-4a6c-bd7c-adcae4d498dc\" data-component=\"Spacer\"><div id=\"team\" class=\"calian-spacer wp-block-calian-com-components-calian-spacer\"><\/div><\/div>\n\n\n\n<h2 class=\"wp-block-heading\">Rencontrer l&#8217;\u00e9quipe<\/h2>\n\n\n\n<div class=\"tbk-hydrate-component\" data-cid=\"0a2adb5f-dfdb-4ab5-a919-62e99bd0003e\" data-component=\"Spacer\"><div id=\"\" class=\"calian-spacer calian-spacer--small wp-block-calian-com-components-calian-spacer\"><\/div><\/div>\n<\/div><\/div><\/div>\n\n<div class=\"tbk-hydrate-component\" data-cid=\"8322484c-8d64-4b59-ad33-93c4bbf8c811\" data-component=\"TeamListing\"><div><div class=\"d-flex justify-content-center p-1\"><div class=\"spinner-border text-primary \" role=\"status\" style=\"width:3rem;height:3rem\"><span class=\"visually-hidden\">Chargement&#8230;<\/span><\/div><\/div><\/div><\/div>\n\n<div class=\"tbk-hydrate-component\" data-cid=\"db7907ef-9e59-4838-99f7-dd36f61f5b96\" data-component=\"Spacer\"><div class=\"calian-spacer calian-spacer--large wp-block-calian-com-components-calian-spacer\"><\/div><\/div>\n<!-- wp:block null -->\n<div class=\"tbk-hydrate-component\"><div class=\"calian-spacer wp-block-calian-com-components-calian-spacer\"><\/div><\/div>\n<!-- \/wp:post-content --><!-- wp:block null -->\n<div class=\"tbk-hydrate-component\"><div class=\"calian-spacer wp-block-calian-com-components-calian-spacer\"><\/div><\/div>\n<!-- \/wp:calian-com-components\/calian-spacer -->","protected":false},"excerpt":{"rendered":"<p>Nous contacter  <\/p>\n<li class=\"breadcrumb-item\"> <a href=\"https:\/\/www.calian.com\/fr\/\" class=\"breadcrumb-item-link\"> Accueil <\/a> <\/li>\n<li class=\"breadcrumb-item\"> <a href=\"https:\/\/www.calian.com\/fr\/\" class=\"breadcrumb-item-link\"> Unit\u00e9 d&#8217;affaires <\/a> <\/li>\n<li class=\"breadcrumb-item\" aria-current=\"page\"> Titre de la page <\/li>\n<p> Contactez nos experts en sant\u00e9 pour savoir comment nos solutions peuvent vous aider. <\/p>\n<p class=\"has-text-align-center\"> Nos experts sont pr\u00eats \u00e0 aider votre organisation \u00e0 atteindre son potentiel maximal. Remplissez le formulaire &hellip;<\/p>\n","protected":false},"author":1,"featured_media":0,"parent":0,"menu_order":67,"comment_status":"closed","ping_status":"closed","template":"","meta":{"_acf_changed":false,"content-type":"","footnotes":""},"solution":[67],"industry":[112],"type_classification":[],"class_list":["post-7534","page","type-page","status-publish","hentry","solution-soins-de-sante","industry-sante"],"acf":[],"yoast_head":"<!-- This site is optimized with the Yoast SEO plugin v26.4 - https:\/\/yoast.com\/wordpress\/plugins\/seo\/ -->\n<title>Nous contacter - Sant\u00e9 | Calian<\/title>\n<meta name=\"robots\" content=\"index, follow, max-snippet:-1, max-image-preview:large, max-video-preview:-1\" \/>\n<link rel=\"canonical\" href=\"https:\/\/www.calian.com\/health\/fr\/nous-contacter\/\" \/>\n<meta property=\"og:locale\" content=\"fr_FR\" \/>\n<meta property=\"og:type\" content=\"article\" \/>\n<meta property=\"og:title\" content=\"Nous contacter - Sant\u00e9 | Calian\" \/>\n<meta property=\"og:description\" content=\"Nous contacter  Accueil   Unit\u00e9 d&#8217;affaires  Titre de la page Contactez nos experts en sant\u00e9 pour savoir comment nos solutions peuvent vous aider. Nos experts sont pr\u00eats \u00e0 aider votre organisation \u00e0 atteindre son potentiel maximal. Remplissez le formulaire &hellip;\" \/>\n<meta property=\"og:url\" content=\"https:\/\/www.calian.com\/health\/fr\/nous-contacter\/\" \/>\n<meta property=\"og:site_name\" content=\"Calian Sant\u00e9\" \/>\n<meta property=\"article:publisher\" content=\"https:\/\/www.facebook.com\/CalianGroup\/\" \/>\n<meta property=\"article:modified_time\" content=\"2025-05-08T19:41:18+00:00\" \/>\n<meta property=\"og:image\" content=\"https:\/\/sites.calian.com\/app\/uploads\/sites\/7\/2023\/10\/doctor-tablet-1024x683.png\" \/>\n<meta name=\"twitter:card\" content=\"summary_large_image\" \/>\n<meta name=\"twitter:site\" content=\"@CalianGroup\" \/>\n<meta name=\"twitter:label1\" content=\"Est. reading time\" \/>\n\t<meta name=\"twitter:data1\" content=\"1 minute\" \/>\n<script type=\"application\/ld+json\" class=\"yoast-schema-graph\">{\"@context\":\"https:\/\/schema.org\",\"@graph\":[{\"@type\":\"WebPage\",\"@id\":\"https:\/\/www.calian.com\/health\/fr\/nous-contacter\/\",\"url\":\"https:\/\/www.calian.com\/health\/fr\/nous-contacter\/\",\"name\":\"Nous contacter - Sant\u00e9 | Calian\",\"isPartOf\":{\"@id\":\"https:\/\/www.calian.com\/health\/fr\/en\/#website\"},\"primaryImageOfPage\":{\"@id\":\"https:\/\/www.calian.com\/health\/fr\/nous-contacter\/#primaryimage\"},\"image\":{\"@id\":\"https:\/\/www.calian.com\/health\/fr\/nous-contacter\/#primaryimage\"},\"thumbnailUrl\":\"https:\/\/sites.calian.com\/app\/uploads\/sites\/7\/2023\/10\/doctor-tablet-1024x683.png\",\"datePublished\":\"2023-09-12T00:04:35+00:00\",\"dateModified\":\"2025-05-08T19:41:18+00:00\",\"inLanguage\":\"fr-FR\",\"potentialAction\":[{\"@type\":\"ReadAction\",\"target\":[\"https:\/\/www.calian.com\/health\/fr\/nous-contacter\/\"]}]},{\"@type\":\"ImageObject\",\"inLanguage\":\"fr-FR\",\"@id\":\"https:\/\/www.calian.com\/health\/fr\/nous-contacter\/#primaryimage\",\"url\":\"https:\/\/sites.calian.com\/app\/uploads\/sites\/7\/2023\/10\/doctor-tablet-1024x683.png\",\"contentUrl\":\"https:\/\/sites.calian.com\/app\/uploads\/sites\/7\/2023\/10\/doctor-tablet-1024x683.png\"},{\"@type\":\"WebSite\",\"@id\":\"https:\/\/www.calian.com\/health\/fr\/en\/#website\",\"url\":\"https:\/\/www.calian.com\/health\/fr\/en\/\",\"name\":\"Calian Sant\u00e9\",\"description\":\"\",\"publisher\":{\"@id\":\"https:\/\/www.calian.com\/health\/fr\/en\/#organization\"},\"potentialAction\":[{\"@type\":\"SearchAction\",\"target\":{\"@type\":\"EntryPoint\",\"urlTemplate\":\"https:\/\/www.calian.com\/health\/fr\/en\/?s={search_term_string}\"},\"query-input\":{\"@type\":\"PropertyValueSpecification\",\"valueRequired\":true,\"valueName\":\"search_term_string\"}}],\"inLanguage\":\"fr-FR\"},{\"@type\":\"Organization\",\"@id\":\"https:\/\/www.calian.com\/health\/fr\/en\/#organization\",\"name\":\"Calian\",\"url\":\"https:\/\/www.calian.com\/health\/fr\/en\/\",\"logo\":{\"@type\":\"ImageObject\",\"inLanguage\":\"fr-FR\",\"@id\":\"https:\/\/www.calian.com\/health\/fr\/en\/#\/schema\/logo\/image\/\",\"url\":\"https:\/\/sites.calian.com\/app\/uploads\/sites\/7\/2023\/12\/Calian-Logo-Tag-RGB-seo.webp\",\"contentUrl\":\"https:\/\/sites.calian.com\/app\/uploads\/sites\/7\/2023\/12\/Calian-Logo-Tag-RGB-seo.webp\",\"width\":696,\"height\":348,\"caption\":\"Calian\"},\"image\":{\"@id\":\"https:\/\/www.calian.com\/health\/fr\/en\/#\/schema\/logo\/image\/\"},\"sameAs\":[\"https:\/\/www.facebook.com\/CalianGroup\/\",\"https:\/\/x.com\/CalianGroup\",\"https:\/\/www.linkedin.com\/company\/calian\/\"]}]}<\/script>\n<!-- \/ Yoast SEO plugin. -->","yoast_head_json":{"title":"Nous contacter - Sant\u00e9 | Calian","robots":{"index":"index","follow":"follow","max-snippet":"max-snippet:-1","max-image-preview":"max-image-preview:large","max-video-preview":"max-video-preview:-1"},"canonical":"https:\/\/www.calian.com\/health\/fr\/nous-contacter\/","og_locale":"fr_FR","og_type":"article","og_title":"Nous contacter - Sant\u00e9 | Calian","og_description":"Nous contacter  Accueil   Unit\u00e9 d&#8217;affaires  Titre de la page Contactez nos experts en sant\u00e9 pour savoir comment nos solutions peuvent vous aider. Nos experts sont pr\u00eats \u00e0 aider votre organisation \u00e0 atteindre son potentiel maximal. Remplissez le formulaire &hellip;","og_url":"https:\/\/www.calian.com\/health\/fr\/nous-contacter\/","og_site_name":"Calian Sant\u00e9","article_publisher":"https:\/\/www.facebook.com\/CalianGroup\/","article_modified_time":"2025-05-08T19:41:18+00:00","og_image":[{"url":"https:\/\/sites.calian.com\/app\/uploads\/sites\/7\/2023\/10\/doctor-tablet-1024x683.png","type":"","width":"","height":""}],"twitter_card":"summary_large_image","twitter_site":"@CalianGroup","twitter_misc":{"Est. reading time":"1 minute"},"schema":{"@context":"https:\/\/schema.org","@graph":[{"@type":"WebPage","@id":"https:\/\/www.calian.com\/health\/fr\/nous-contacter\/","url":"https:\/\/www.calian.com\/health\/fr\/nous-contacter\/","name":"Nous contacter - Sant\u00e9 | Calian","isPartOf":{"@id":"https:\/\/www.calian.com\/health\/fr\/en\/#website"},"primaryImageOfPage":{"@id":"https:\/\/www.calian.com\/health\/fr\/nous-contacter\/#primaryimage"},"image":{"@id":"https:\/\/www.calian.com\/health\/fr\/nous-contacter\/#primaryimage"},"thumbnailUrl":"https:\/\/sites.calian.com\/app\/uploads\/sites\/7\/2023\/10\/doctor-tablet-1024x683.png","datePublished":"2023-09-12T00:04:35+00:00","dateModified":"2025-05-08T19:41:18+00:00","inLanguage":"fr-FR","potentialAction":[{"@type":"ReadAction","target":["https:\/\/www.calian.com\/health\/fr\/nous-contacter\/"]}]},{"@type":"ImageObject","inLanguage":"fr-FR","@id":"https:\/\/www.calian.com\/health\/fr\/nous-contacter\/#primaryimage","url":"https:\/\/sites.calian.com\/app\/uploads\/sites\/7\/2023\/10\/doctor-tablet-1024x683.png","contentUrl":"https:\/\/sites.calian.com\/app\/uploads\/sites\/7\/2023\/10\/doctor-tablet-1024x683.png"},{"@type":"WebSite","@id":"https:\/\/www.calian.com\/health\/fr\/en\/#website","url":"https:\/\/www.calian.com\/health\/fr\/en\/","name":"Calian Sant\u00e9","description":"","publisher":{"@id":"https:\/\/www.calian.com\/health\/fr\/en\/#organization"},"potentialAction":[{"@type":"SearchAction","target":{"@type":"EntryPoint","urlTemplate":"https:\/\/www.calian.com\/health\/fr\/en\/?s={search_term_string}"},"query-input":{"@type":"PropertyValueSpecification","valueRequired":true,"valueName":"search_term_string"}}],"inLanguage":"fr-FR"},{"@type":"Organization","@id":"https:\/\/www.calian.com\/health\/fr\/en\/#organization","name":"Calian","url":"https:\/\/www.calian.com\/health\/fr\/en\/","logo":{"@type":"ImageObject","inLanguage":"fr-FR","@id":"https:\/\/www.calian.com\/health\/fr\/en\/#\/schema\/logo\/image\/","url":"https:\/\/sites.calian.com\/app\/uploads\/sites\/7\/2023\/12\/Calian-Logo-Tag-RGB-seo.webp","contentUrl":"https:\/\/sites.calian.com\/app\/uploads\/sites\/7\/2023\/12\/Calian-Logo-Tag-RGB-seo.webp","width":696,"height":348,"caption":"Calian"},"image":{"@id":"https:\/\/www.calian.com\/health\/fr\/en\/#\/schema\/logo\/image\/"},"sameAs":["https:\/\/www.facebook.com\/CalianGroup\/","https:\/\/x.com\/CalianGroup","https:\/\/www.linkedin.com\/company\/calian\/"]}]}},"_links":{"self":[{"href":"https:\/\/health.calian.com\/fr\/wp-json\/wp\/v2\/pages\/7534","targetHints":{"allow":["GET"]}}],"collection":[{"href":"https:\/\/health.calian.com\/fr\/wp-json\/wp\/v2\/pages"}],"about":[{"href":"https:\/\/health.calian.com\/fr\/wp-json\/wp\/v2\/types\/page"}],"author":[{"embeddable":true,"href":"https:\/\/health.calian.com\/fr\/wp-json\/wp\/v2\/users\/1"}],"replies":[{"embeddable":true,"href":"https:\/\/health.calian.com\/fr\/wp-json\/wp\/v2\/comments?post=7534"}],"version-history":[{"count":57,"href":"https:\/\/health.calian.com\/fr\/wp-json\/wp\/v2\/pages\/7534\/revisions"}],"predecessor-version":[{"id":12500,"href":"https:\/\/health.calian.com\/fr\/wp-json\/wp\/v2\/pages\/7534\/revisions\/12500"}],"wp:attachment":[{"href":"https:\/\/health.calian.com\/fr\/wp-json\/wp\/v2\/media?parent=7534"}],"wp:term":[{"taxonomy":"solution","embeddable":true,"href":"https:\/\/health.calian.com\/fr\/wp-json\/wp\/v2\/solution?post=7534"},{"taxonomy":"industry","embeddable":true,"href":"https:\/\/health.calian.com\/fr\/wp-json\/wp\/v2\/industry?post=7534"},{"taxonomy":"type_classification","embeddable":true,"href":"https:\/\/health.calian.com\/fr\/wp-json\/wp\/v2\/type_classification?post=7534"}],"curies":[{"name":"wp","href":"https:\/\/api.w.org\/{rel}","templated":true}]}}