{"id":7427,"date":"2023-10-23T18:58:44","date_gmt":"2023-10-23T22:58:44","guid":{"rendered":"https:\/\/www.calian.com\/health\/services-de-sante\/"},"modified":"2025-09-16T14:32:18","modified_gmt":"2025-09-16T18:32:18","slug":"health-services","status":"publish","type":"page","link":"https:\/\/www.calian.com\/health\/fr\/health-services\/","title":{"rendered":"Services de sant\u00e9"},"content":{"rendered":"\n<div class=\"tbk-hydrate-component\" data-cid=\"63dc24ff-e4ff-473c-9649-07992bb37da8\" data-component=\"MainHeroVideo\"><div class=\"calian-main-hero wp-block-calian-com-components-calian-main-hero-video inverted\"><div class=\"main-hero-video position-relative\"><div class=\"main-hero-video__overlay-top\"><\/div><div class=\"main-hero-video__overlay-left\"><\/div><div class=\"main-hero-video__overlay-general\"><\/div><div class=\"main-hero-video__content container-fluid mw-1195px\"><div class=\"row px-3\"><div class=\"col-12 mw-641px p-0\"><h1 class=\"main-hero-video__heading text-white mb-4\">Services de sant\u00e9<\/h1><p class=\"main-hero-video__description text-white subheading mb-5\">Profitez de notre exp\u00e9rience de plus de 20 ans dans la prestation de services li\u00e9s \u00e0 la sant\u00e9 pour des organisations des secteurs public et priv\u00e9. Nous disposons d&#x27;une grande expertise en mati\u00e8re de renforcement du personnel de sant\u00e9, de services psychologiques, de gestion des biens m\u00e9dicaux, de soins de sant\u00e9 sur site, hors site et \u00e0 domicile.<\/p><div class=\"main-hero-software__cta-buttons d-flex flex-column flex-sm-row justify-content-start pt-2\"><a href=\"#solutions\" class=\"btn btn-secondary\">Explorer les solutions<\/a><a href=\"https:\/\/www.calian.com\/resources\/fr\/brochures\/end-to-end-healthcare-services-for-diverse-needs\/\" class=\"btn btn-light mt-3 mt-sm-0 ms-sm-3\" target=\"_blank\" rel=\"noreferrer noopener\">T\u00e9l\u00e9charger la brochure<\/a><\/div><\/div><\/div><\/div><img loading=\"lazy\" decoding=\"async\" src=\"https:\/\/sites.calian.com\/app\/uploads\/sites\/7\/2023\/10\/iStock-1405531369-2121x1414.jpg\" alt=\"\" width=\"2121\" height=\"1414\" class=\"hero-banner__bg-img\" \/><\/div><\/div><\/div>\n\n\n\n<div class=\"tbk-hydrate-component\" data-cid=\"6f3f3e2c-3a7d-4033-9c09-c1fc98327a5f\" data-component=\"Spacer\"><div class=\"calian-spacer wp-block-calian-com-components-calian-spacer\"><\/div><\/div>\n\n\n\n<div class=\"tbk-hydrate-component\" data-cid=\"7345fda9-4bf5-49e9-b946-b0962027cae1\" data-component=\"AlternatingTextAndImages\"><div id=\"solutions\" class=\"calian-alternating-text-and-images overflow-hidden wp-block-calian-com-components-calian-alternating-text-and-images inverted\"><div class=\"calian-alternating-text-and-images__container container-fluid\"><div class=\"\"><div class=\"row gx-md-6 justify-content-lg-start justify-content-lg-start mb-3 mb-md-9\"><div class=\"col-12 col-md mb-3\"><img loading=\"lazy\" decoding=\"async\" src=\"https:\/\/sites.calian.com\/app\/uploads\/sites\/7\/2023\/10\/Automate-workforce-management.jpeg\" alt=\"\" width=\"468\" height=\"320\" class=\"rounded-5 img-fluid w-100 h-250px h-md-373px object-fit-cover\" \/><\/div><div class=\"col-12 col-md\"><h3>Services m\u00e9dicaux <\/h3><div class=\"calian-alternating-text-and-images__text mb-3\">Nous sommes l&#8217;un des plus grands r\u00e9seaux canadiens de professionnels de la sant\u00e9 dignes de confiance, compatissants et attentifs, qui aident les gens \u00e0 mener une vie saine et sans danger. En concevant des programmes personnalis\u00e9s pour r\u00e9pondre aux besoins de sant\u00e9 des organisations de tous les secteurs, nous am\u00e9liorons les soins aux patients.<\/div><div class=\"calian-alternating-text-and-images__ctas mb-3 d-flex flex-wrap gap-3\"><a href=\"https:\/\/www.calian.com\/health\/fr\/services-de-sante\/services-medicaux\/\" class=\"btn btn-secondary\">En savoir plus<\/a><\/div><\/div><\/div><div class=\"row gx-md-6 flex-row-reverse justify-content-lg-between justify-content-lg-start mb-3 mb-md-9\"><div class=\"col-12 col-md mb-3\"><img loading=\"lazy\" decoding=\"async\" src=\"https:\/\/sites.calian.com\/app\/uploads\/sites\/7\/2024\/01\/Police-Basketball-1024x780.png\" alt=\"Two police officers playing basketball in front of a police car.\" width=\"1024\" height=\"780\" class=\"rounded-5 img-fluid w-100 h-250px h-md-373px object-fit-cover\" \/><\/div><div class=\"col-12 col-md\"><h3>Services psychologiques<\/h3><div class=\"calian-alternating-text-and-images__text mb-3\">Nos professionnels exp\u00e9riment\u00e9s fournissent des services psychologiques, y compris des \u00e9valuations pour le recrutement, le r\u00e9armement et l&#8217;aptitude au service, ainsi que pour la d\u00e9fense juridique et le soutien par les pairs.<br>\n<\/div><div class=\"calian-alternating-text-and-images__ctas mb-3 d-flex flex-wrap gap-3\"><a href=\"https:\/\/www.calian.com\/health\/fr\/services-de-sante\/services-psychologiques\/\" class=\"btn btn-secondary\">En savoir plus<\/a><\/div><\/div><\/div><div class=\"row gx-md-6 justify-content-lg-start justify-content-lg-start mb-3 mb-md-9\"><div class=\"col-12 col-md mb-3\"><img loading=\"lazy\" decoding=\"async\" src=\"https:\/\/sites.calian.com\/app\/uploads\/sites\/7\/2023\/10\/patient-care-1024x683.jpg\" alt=\"\" width=\"1024\" height=\"683\" class=\"rounded-5 img-fluid w-100 h-250px h-md-373px object-fit-cover\" \/><\/div><div class=\"col-12 col-md\"><h3>Soins de sant\u00e9 sur place<\/h3><div class=\"calian-alternating-text-and-images__text mb-3\">Calian s&#8217;associe aux autorit\u00e9s sanitaires nationales, r\u00e9gionales, locales et autochtones pour fournir des soins primaires, des services de sant\u00e9 mentale et des services infirmiers l\u00e0 o\u00f9 ils sont n\u00e9cessaires, garantissant ainsi l&#8217;acc\u00e8s \u00e0 d&#8217;excellents soins aux patients.<\/div><div class=\"calian-alternating-text-and-images__ctas mb-3 d-flex flex-wrap gap-3\"><a href=\"https:\/\/www.calian.com\/health\/fr\/services-de-sante\/soins-de-sante-sur-place\/\" class=\"btn btn-secondary\">En savoir plus<\/a><\/div><\/div><\/div><div class=\"row gx-md-6 flex-row-reverse justify-content-lg-between justify-content-lg-start mb-3 mb-md-9\"><div class=\"col-12 col-md mb-3\"><img loading=\"lazy\" decoding=\"async\" src=\"https:\/\/sites.calian.com\/app\/uploads\/sites\/7\/2023\/10\/health-meteing-1024x683.jpg\" alt=\"A group of health professionals meeting.\" width=\"1024\" height=\"683\" class=\"rounded-5 img-fluid w-100 h-250px h-md-373px object-fit-cover\" \/><\/div><div class=\"col-12 col-md\"><h3>Solutions d&#x27;augmentation du personnel professionnel de la sant\u00e9<\/h3><div class=\"calian-alternating-text-and-images__text mb-3\">Fournir des professionnels de la sant\u00e9 hautement qualifi\u00e9s et fiables pour r\u00e9pondre aux besoins en personnel \u00e0 court et moyen terme, ainsi qu&#8217;en cas d&#8217;urgence, des h\u00f4pitaux, des \u00e9tablissements de soins de longue dur\u00e9e, des r\u00e9sidences pour personnes \u00e2g\u00e9es et d&#8217;autres organisations des secteurs public et priv\u00e9.<\/div><div class=\"calian-alternating-text-and-images__ctas mb-3 d-flex flex-wrap gap-3\"><a href=\"https:\/\/www.calian.com\/health\/fr\/services-de-sante\/solutions-de-renforcement-du-personnel-professionnel-de-sante\/\" class=\"btn btn-secondary\">En savoir plus<\/a><\/div><\/div><\/div><div class=\"row gx-md-6 justify-content-lg-start justify-content-lg-start\"><div class=\"col-12 col-md mb-3\"><img loading=\"lazy\" decoding=\"async\" src=\"https:\/\/sites.calian.com\/app\/uploads\/sites\/7\/2023\/11\/AdobeStock_316212097-1024x683.jpeg\" alt=\"\" width=\"1024\" height=\"683\" class=\"rounded-5 img-fluid w-100 h-250px h-md-373px object-fit-cover\" \/><\/div><div class=\"col-12 col-md\"><h3>Gestion de biens immobiliers dans le secteur de la sant\u00e9<\/h3><div class=\"calian-alternating-text-and-images__text mb-3\">Nous sommes l&#8217;une des plus grandes soci\u00e9t\u00e9s de gestion de biens immobiliers dans le secteur de la sant\u00e9 au Canada, sous l&#8217;\u00e9gide de Primacy Management Inc., une soci\u00e9t\u00e9 de Calian. Nous fournissons des services \u00e0 plus de 140 cliniques dans 10 provinces qui desservent plus de six millions de Canadiens chaque ann\u00e9e.&nbsp;<\/p>\n<p>Qu&#8217;il s&#8217;agisse de concevoir de nouvelles cliniques ou de vous installer dans une clinique existante, Primacy est l\u00e0 \u00e0 chaque \u00e9tape. Nous vous aiderons m\u00eame \u00e0 commercialiser votre \u00e9tablissement une fois qu&#8217;il sera op\u00e9rationnel.<\/div><div class=\"calian-alternating-text-and-images__ctas mb-3 d-flex flex-wrap gap-3\"><a href=\"https:\/\/www.calian.com\/health\/fr\/services-de-sante\/gestion-de-limmobilier-de-sante\/\" class=\"btn btn-secondary\">En savoir plus<\/a><\/div><\/div><\/div><\/div><\/div><\/div><\/div>\n\n\n\n<div class=\"tbk-hydrate-component\" data-cid=\"89328e3d-7589-4323-bb14-19e31fc050b2\" data-component=\"Spacer\"><div class=\"calian-spacer wp-block-calian-com-components-calian-spacer\"><\/div><\/div>\n\n\n<p><!-- wp:block null --><\/p>\n<div class=\"tbk-hydrate-component\">\n<div class=\"calian-spacer wp-block-calian-com-components-calian-spacer\"><\/div>\n<\/div>\n<p><!-- \/wp:post-content --><!-- wp:block null --><\/p>\n<div class=\"tbk-hydrate-component\">\n<div class=\"calian-spacer wp-block-calian-com-components-calian-spacer\"><\/div>\n<\/div>\n<p><!-- \/wp:calian-com-components\/calian-spacer --><!-- wp:block null --><\/p>\n<div class=\"tbk-hydrate-component\">\n<div class=\"calian-spacer wp-block-calian-com-components-calian-spacer\"><\/div>\n<\/div>\n<p><!-- \/wp:calian-com-components\/calian-spacer --><!-- wp:block null --><\/p>\n<div class=\"tbk-hydrate-component\">\n<div class=\"calian-spacer wp-block-calian-com-components-calian-spacer\"><\/div>\n<\/div>\n<p><!-- \/wp:calian-com-components\/calian-spacer --><\/p>","protected":false},"excerpt":{"rendered":"<p>Services de sant\u00e9 <\/p>\n<p class=\"main-hero-video__description text-white subheading mb-5\"> Profitez de notre exp\u00e9rience de plus de 20 ans dans la prestation de services li\u00e9s \u00e0 la sant\u00e9 pour des organisations des secteurs public et priv\u00e9. Nous disposons d&#x27;une grande expertise en mati\u00e8re de renforcement du personnel de sant\u00e9, de services psychologiques, de gestion des biens m\u00e9dicaux, de soins de sant\u00e9 sur &hellip;<\/p>\n","protected":false},"author":1,"featured_media":0,"parent":0,"menu_order":90,"comment_status":"closed","ping_status":"closed","template":"","meta":{"_acf_changed":false,"content-type":"","footnotes":""},"solution":[67],"industry":[112],"type_classification":[122],"class_list":["post-7427","page","type-page","status-publish","hentry","solution-soins-de-sante","industry-sante","type_classification-solution-fr"],"acf":[],"yoast_head":"<!-- This site is optimized with the Yoast SEO plugin v26.4 - https:\/\/yoast.com\/wordpress\/plugins\/seo\/ -->\n<title>Services de sant\u00e9 - Sant\u00e9 | Calian<\/title>\n<meta name=\"robots\" content=\"index, follow, max-snippet:-1, max-image-preview:large, max-video-preview:-1\" \/>\n<link rel=\"canonical\" href=\"https:\/\/www.calian.com\/health\/fr\/health-services\/\" \/>\n<meta property=\"og:locale\" content=\"fr_FR\" \/>\n<meta property=\"og:type\" content=\"article\" \/>\n<meta property=\"og:title\" content=\"Services de sant\u00e9 - Sant\u00e9 | Calian\" \/>\n<meta property=\"og:description\" content=\"Services de sant\u00e9 Profitez de notre exp\u00e9rience de plus de 20 ans dans la prestation de services li\u00e9s \u00e0 la sant\u00e9 pour des organisations des secteurs public et priv\u00e9. Nous disposons d&#x27;une grande expertise en mati\u00e8re de renforcement du personnel de sant\u00e9, de services psychologiques, de gestion des biens m\u00e9dicaux, de soins de sant\u00e9 sur &hellip;\" \/>\n<meta property=\"og:url\" content=\"https:\/\/www.calian.com\/health\/fr\/health-services\/\" \/>\n<meta property=\"og:site_name\" content=\"Calian Sant\u00e9\" \/>\n<meta property=\"article:publisher\" content=\"https:\/\/www.facebook.com\/CalianGroup\/\" \/>\n<meta property=\"article:modified_time\" content=\"2025-09-16T18:32:18+00:00\" \/>\n<meta property=\"og:image\" content=\"https:\/\/sites.calian.com\/app\/uploads\/sites\/7\/2023\/10\/iStock-1405531369-2121x1414.jpg\" \/>\n<meta name=\"twitter:card\" content=\"summary_large_image\" \/>\n<meta name=\"twitter:site\" content=\"@CalianGroup\" \/>\n<meta name=\"twitter:label1\" content=\"Est. reading time\" \/>\n\t<meta name=\"twitter:data1\" content=\"3 minutes\" \/>\n<script type=\"application\/ld+json\" class=\"yoast-schema-graph\">{\"@context\":\"https:\/\/schema.org\",\"@graph\":[{\"@type\":\"WebPage\",\"@id\":\"https:\/\/www.calian.com\/health\/fr\/health-services\/\",\"url\":\"https:\/\/www.calian.com\/health\/fr\/health-services\/\",\"name\":\"Services de sant\u00e9 - Sant\u00e9 | Calian\",\"isPartOf\":{\"@id\":\"https:\/\/www.calian.com\/health\/fr\/en\/#website\"},\"primaryImageOfPage\":{\"@id\":\"https:\/\/www.calian.com\/health\/fr\/health-services\/#primaryimage\"},\"image\":{\"@id\":\"https:\/\/www.calian.com\/health\/fr\/health-services\/#primaryimage\"},\"thumbnailUrl\":\"https:\/\/sites.calian.com\/app\/uploads\/sites\/7\/2023\/10\/iStock-1405531369-2121x1414.jpg\",\"datePublished\":\"2023-10-23T22:58:44+00:00\",\"dateModified\":\"2025-09-16T18:32:18+00:00\",\"inLanguage\":\"fr-FR\",\"potentialAction\":[{\"@type\":\"ReadAction\",\"target\":[\"https:\/\/www.calian.com\/health\/fr\/health-services\/\"]}]},{\"@type\":\"ImageObject\",\"inLanguage\":\"fr-FR\",\"@id\":\"https:\/\/www.calian.com\/health\/fr\/health-services\/#primaryimage\",\"url\":\"https:\/\/sites.calian.com\/app\/uploads\/sites\/7\/2023\/10\/iStock-1405531369-2121x1414.jpg\",\"contentUrl\":\"https:\/\/sites.calian.com\/app\/uploads\/sites\/7\/2023\/10\/iStock-1405531369-2121x1414.jpg\"},{\"@type\":\"WebSite\",\"@id\":\"https:\/\/www.calian.com\/health\/fr\/en\/#website\",\"url\":\"https:\/\/www.calian.com\/health\/fr\/en\/\",\"name\":\"Calian Sant\u00e9\",\"description\":\"\",\"publisher\":{\"@id\":\"https:\/\/www.calian.com\/health\/fr\/en\/#organization\"},\"potentialAction\":[{\"@type\":\"SearchAction\",\"target\":{\"@type\":\"EntryPoint\",\"urlTemplate\":\"https:\/\/www.calian.com\/health\/fr\/en\/?s={search_term_string}\"},\"query-input\":{\"@type\":\"PropertyValueSpecification\",\"valueRequired\":true,\"valueName\":\"search_term_string\"}}],\"inLanguage\":\"fr-FR\"},{\"@type\":\"Organization\",\"@id\":\"https:\/\/www.calian.com\/health\/fr\/en\/#organization\",\"name\":\"Calian\",\"url\":\"https:\/\/www.calian.com\/health\/fr\/en\/\",\"logo\":{\"@type\":\"ImageObject\",\"inLanguage\":\"fr-FR\",\"@id\":\"https:\/\/www.calian.com\/health\/fr\/en\/#\/schema\/logo\/image\/\",\"url\":\"https:\/\/sites.calian.com\/app\/uploads\/sites\/7\/2023\/12\/Calian-Logo-Tag-RGB-seo.webp\",\"contentUrl\":\"https:\/\/sites.calian.com\/app\/uploads\/sites\/7\/2023\/12\/Calian-Logo-Tag-RGB-seo.webp\",\"width\":696,\"height\":348,\"caption\":\"Calian\"},\"image\":{\"@id\":\"https:\/\/www.calian.com\/health\/fr\/en\/#\/schema\/logo\/image\/\"},\"sameAs\":[\"https:\/\/www.facebook.com\/CalianGroup\/\",\"https:\/\/x.com\/CalianGroup\",\"https:\/\/www.linkedin.com\/company\/calian\/\"]}]}<\/script>\n<!-- \/ Yoast SEO plugin. -->","yoast_head_json":{"title":"Services de sant\u00e9 - Sant\u00e9 | Calian","robots":{"index":"index","follow":"follow","max-snippet":"max-snippet:-1","max-image-preview":"max-image-preview:large","max-video-preview":"max-video-preview:-1"},"canonical":"https:\/\/www.calian.com\/health\/fr\/health-services\/","og_locale":"fr_FR","og_type":"article","og_title":"Services de sant\u00e9 - Sant\u00e9 | Calian","og_description":"Services de sant\u00e9 Profitez de notre exp\u00e9rience de plus de 20 ans dans la prestation de services li\u00e9s \u00e0 la sant\u00e9 pour des organisations des secteurs public et priv\u00e9. Nous disposons d&#x27;une grande expertise en mati\u00e8re de renforcement du personnel de sant\u00e9, de services psychologiques, de gestion des biens m\u00e9dicaux, de soins de sant\u00e9 sur &hellip;","og_url":"https:\/\/www.calian.com\/health\/fr\/health-services\/","og_site_name":"Calian Sant\u00e9","article_publisher":"https:\/\/www.facebook.com\/CalianGroup\/","article_modified_time":"2025-09-16T18:32:18+00:00","og_image":[{"url":"https:\/\/sites.calian.com\/app\/uploads\/sites\/7\/2023\/10\/iStock-1405531369-2121x1414.jpg","type":"","width":"","height":""}],"twitter_card":"summary_large_image","twitter_site":"@CalianGroup","twitter_misc":{"Est. reading time":"3 minutes"},"schema":{"@context":"https:\/\/schema.org","@graph":[{"@type":"WebPage","@id":"https:\/\/www.calian.com\/health\/fr\/health-services\/","url":"https:\/\/www.calian.com\/health\/fr\/health-services\/","name":"Services de sant\u00e9 - Sant\u00e9 | Calian","isPartOf":{"@id":"https:\/\/www.calian.com\/health\/fr\/en\/#website"},"primaryImageOfPage":{"@id":"https:\/\/www.calian.com\/health\/fr\/health-services\/#primaryimage"},"image":{"@id":"https:\/\/www.calian.com\/health\/fr\/health-services\/#primaryimage"},"thumbnailUrl":"https:\/\/sites.calian.com\/app\/uploads\/sites\/7\/2023\/10\/iStock-1405531369-2121x1414.jpg","datePublished":"2023-10-23T22:58:44+00:00","dateModified":"2025-09-16T18:32:18+00:00","inLanguage":"fr-FR","potentialAction":[{"@type":"ReadAction","target":["https:\/\/www.calian.com\/health\/fr\/health-services\/"]}]},{"@type":"ImageObject","inLanguage":"fr-FR","@id":"https:\/\/www.calian.com\/health\/fr\/health-services\/#primaryimage","url":"https:\/\/sites.calian.com\/app\/uploads\/sites\/7\/2023\/10\/iStock-1405531369-2121x1414.jpg","contentUrl":"https:\/\/sites.calian.com\/app\/uploads\/sites\/7\/2023\/10\/iStock-1405531369-2121x1414.jpg"},{"@type":"WebSite","@id":"https:\/\/www.calian.com\/health\/fr\/en\/#website","url":"https:\/\/www.calian.com\/health\/fr\/en\/","name":"Calian Sant\u00e9","description":"","publisher":{"@id":"https:\/\/www.calian.com\/health\/fr\/en\/#organization"},"potentialAction":[{"@type":"SearchAction","target":{"@type":"EntryPoint","urlTemplate":"https:\/\/www.calian.com\/health\/fr\/en\/?s={search_term_string}"},"query-input":{"@type":"PropertyValueSpecification","valueRequired":true,"valueName":"search_term_string"}}],"inLanguage":"fr-FR"},{"@type":"Organization","@id":"https:\/\/www.calian.com\/health\/fr\/en\/#organization","name":"Calian","url":"https:\/\/www.calian.com\/health\/fr\/en\/","logo":{"@type":"ImageObject","inLanguage":"fr-FR","@id":"https:\/\/www.calian.com\/health\/fr\/en\/#\/schema\/logo\/image\/","url":"https:\/\/sites.calian.com\/app\/uploads\/sites\/7\/2023\/12\/Calian-Logo-Tag-RGB-seo.webp","contentUrl":"https:\/\/sites.calian.com\/app\/uploads\/sites\/7\/2023\/12\/Calian-Logo-Tag-RGB-seo.webp","width":696,"height":348,"caption":"Calian"},"image":{"@id":"https:\/\/www.calian.com\/health\/fr\/en\/#\/schema\/logo\/image\/"},"sameAs":["https:\/\/www.facebook.com\/CalianGroup\/","https:\/\/x.com\/CalianGroup","https:\/\/www.linkedin.com\/company\/calian\/"]}]}},"_links":{"self":[{"href":"https:\/\/health.calian.com\/fr\/wp-json\/wp\/v2\/pages\/7427","targetHints":{"allow":["GET"]}}],"collection":[{"href":"https:\/\/health.calian.com\/fr\/wp-json\/wp\/v2\/pages"}],"about":[{"href":"https:\/\/health.calian.com\/fr\/wp-json\/wp\/v2\/types\/page"}],"author":[{"embeddable":true,"href":"https:\/\/health.calian.com\/fr\/wp-json\/wp\/v2\/users\/1"}],"replies":[{"embeddable":true,"href":"https:\/\/health.calian.com\/fr\/wp-json\/wp\/v2\/comments?post=7427"}],"version-history":[{"count":33,"href":"https:\/\/health.calian.com\/fr\/wp-json\/wp\/v2\/pages\/7427\/revisions"}],"predecessor-version":[{"id":12817,"href":"https:\/\/health.calian.com\/fr\/wp-json\/wp\/v2\/pages\/7427\/revisions\/12817"}],"wp:attachment":[{"href":"https:\/\/health.calian.com\/fr\/wp-json\/wp\/v2\/media?parent=7427"}],"wp:term":[{"taxonomy":"solution","embeddable":true,"href":"https:\/\/health.calian.com\/fr\/wp-json\/wp\/v2\/solution?post=7427"},{"taxonomy":"industry","embeddable":true,"href":"https:\/\/health.calian.com\/fr\/wp-json\/wp\/v2\/industry?post=7427"},{"taxonomy":"type_classification","embeddable":true,"href":"https:\/\/health.calian.com\/fr\/wp-json\/wp\/v2\/type_classification?post=7427"}],"curies":[{"name":"wp","href":"https:\/\/api.w.org\/{rel}","templated":true}]}}