{"id":7423,"date":"2023-10-19T20:37:31","date_gmt":"2023-10-20T00:37:31","guid":{"rendered":"https:\/\/www.calian.com\/health\/nexi\/"},"modified":"2025-02-11T14:35:18","modified_gmt":"2025-02-11T19:35:18","slug":"nexi","status":"publish","type":"page","link":"https:\/\/www.calian.com\/health\/fr\/nexi\/","title":{"rendered":"Nexi"},"content":{"rendered":"\n<div class=\"tbk-hydrate-component\" data-cid=\"13bf0d33-3138-421f-821c-3d0fc7435081\" data-component=\"MainHeroSoftware\"><div class=\"calian-main-hero\"><div class=\"main-hero-software wp-block-calian-com-components-calian-main-hero-software\"><div class=\"main-hero-software__background\"><\/div><div class=\"main-hero-software__container container-fluid py-6 pt-xl-12\"><div class=\"row\"><div class=\"main-hero-software__content col-12 mw-641px mx-auto\"><div class=\"main-hero-software__logo d-flex align-items-center justify-content-center mw-240px mx-auto pt-2 pb-4\"><img loading=\"lazy\" decoding=\"async\" src=\"https:\/\/sites.calian.com\/app\/uploads\/sites\/7\/2023\/10\/Frame-121x42-1.webp\" alt=\"\" width=\"121\" height=\"42\" class=\"img-fluid\" \/><\/div><h1 class=\"main-hero-software__heading text-center text-white mb-4\">Lib\u00e9rez le potentiel de votre entreprise de soins de sant\u00e9<\/h1><p class=\"main-hero-software__description text-center text-white subheading\">Calian\u00ae Nexi\u2122 est le syst\u00e8me simple et tout-en-un pour automatiser l&#8217;administration de votre entreprise.<\/p><div class=\"main-hero-software__cta-buttons d-flex flex-column flex-sm-row justify-content-center pt-2\"><a href=\"https:\/\/home.aliohealth.com\/Login\" class=\"btn btn-light\" target=\"_blank\" rel=\"noreferrer noopener\">Portail Nexi<\/a><a href=\"#anchor-nexi-solutions\" class=\"btn btn-secondary mt-3 mt-sm-0 ms-sm-3\" target=\"_blank\" rel=\"noreferrer noopener\">Solutions Nexi<\/a><\/div><\/div><\/div><div class=\"row pt-6\"><div class=\"main-hero-software__featured-image col-12 mw-850px mx-auto text-center\"><img loading=\"lazy\" decoding=\"async\" src=\"https:\/\/sites.calian.com\/app\/uploads\/sites\/7\/2023\/11\/Untitled-design-11-1024x593.png\" alt=\"\" width=\"1024\" height=\"593\" class=\"img-fluid\" \/><\/div><\/div><\/div><\/div><\/div><\/div>\n\n<div class=\"tbk-hydrate-component\" data-cid=\"686d0ad6-795b-48ba-91d3-000d3553186a\" data-component=\"Spacer\"><div id=\"anchor-nexi-solutions\" class=\"calian-spacer wp-block-calian-com-components-calian-spacer\"><\/div><\/div>\n<!-- wp:block null -->\n<div class=\"tbk-hydrate-component\"><div class=\"calian-stats-bar theme-dark wp-block-calian-com-components-calian-stats-bar\"><div class=\"container-fluid layout-simple\"><div class=\"row mw-1830px mx-auto\"><div class=\"col-12 col-sm-6 col-lg\"><div><div class=\"d-flex justify-content-center p-1\"><div class=\"spinner-border text-primary \" role=\"status\" style=\"width:3rem;height:3rem\"><span class=\"visually-hidden\">Chargement&#8230;<\/span><\/div><\/div><\/div><\/div><div class=\"col-12 col-sm-6 col-lg\"><div><div class=\"d-flex justify-content-center p-1\"><div class=\"spinner-border text-primary \" role=\"status\" style=\"width:3rem;height:3rem\"><span class=\"visually-hidden\">Chargement&#8230;<\/span><\/div><\/div><\/div><\/div><div class=\"col-12 col-sm-6 col-lg\"><div><div class=\"d-flex justify-content-center p-1\"><div class=\"spinner-border text-primary \" role=\"status\" style=\"width:3rem;height:3rem\"><span class=\"visually-hidden\">Chargement&#8230;<\/span><\/div><\/div><\/div><\/div><div class=\"col-12 col-sm-6 col-lg\"><div><div class=\"d-flex justify-content-center p-1\"><div class=\"spinner-border text-primary \" role=\"status\" style=\"width:3rem;height:3rem\"><span class=\"visually-hidden\">Chargement&#8230;<\/span><\/div><\/div><\/div><\/div><\/div><\/div><\/div><\/div>\n<!-- \/wp:post-content --><!-- wp:block null -->\n<div class=\"tbk-hydrate-component\"><div class=\"calian-spacer wp-block-calian-com-components-calian-spacer\"><\/div><\/div>\n<!-- \/wp:calian-com-components\/calian-spacer --><!-- wp:calian-com-components\/calian-container -->\n<div class=\"tbk-hydrate-component\"><div class=\"calian-container wp-block-calian-com-components-calian-container\"><div><!-- wp:heading {\"textAlign\":\"center\"} -->\n<h2 class=\"wp-block-heading has-text-align-center\">Meet the Nexi team<\/h2>\n<!-- \/wp:heading -->\n\n<!-- wp:calian-com-components\/calian-spacer {\"size\":\"Small\"} -->\n<div class=\"tbk-hydrate-component\"><div class=\"calian-spacer calian-spacer--small wp-block-calian-com-components-calian-spacer\"><\/div><\/div>\n<!-- \/wp:calian-com-components\/calian-spacer --><\/div><\/div><\/div>\n<!-- \/wp:calian-com-components\/calian-container --><!-- wp:block null -->\n<div class=\"tbk-hydrate-component\"><div class=\"calian-spacer wp-block-calian-com-components-calian-spacer\"><\/div><\/div>\n<!-- \/wp:calian-com-components\/calian-spacer --><!-- wp:block null -->\n<div class=\"tbk-hydrate-component\"><div class=\"calian-spacer wp-block-calian-com-components-calian-spacer\"><\/div><\/div>\n<!-- \/wp:calian-com-components\/calian-spacer --><!-- wp:block null -->\n<div class=\"tbk-hydrate-component\"><div class=\"calian-spacer wp-block-calian-com-components-calian-spacer\"><\/div><\/div>\n<!-- \/wp:calian-com-components\/calian-spacer --><!-- wp:block null -->\n<div class=\"tbk-hydrate-component\"><div class=\"calian-spacer wp-block-calian-com-components-calian-spacer\"><\/div><\/div>\n<!-- \/wp:calian-com-components\/calian-spacer --><!-- wp:block null -->\n<div class=\"tbk-hydrate-component\"><div class=\"calian-spacer wp-block-calian-com-components-calian-spacer\"><\/div><\/div>\n<!-- \/wp:calian-com-components\/calian-spacer -->","protected":false},"excerpt":{"rendered":"<p>Lib\u00e9rez le potentiel de votre entreprise de soins de sant\u00e9 <\/p>\n<p class=\"main-hero-software__description text-center text-white subheading\"> Calian\u00ae Nexi\u2122 est le syst\u00e8me simple et tout-en-un pour automatiser l&#8217;administration de votre entreprise. <\/p>\n<p> <a href=\"https:\/\/home.aliohealth.com\/Login\" class=\"btn btn-light\" target=\"_blank\" rel=\"noreferrer noopener\"> Portail Nexi <\/a> <a href=\"#anchor-nexi-solutions\" class=\"btn btn-secondary mt-3 mt-sm-0 ms-sm-3\" target=\"_blank\" rel=\"noreferrer noopener\"> Solutions Nexi <\/a> Chargement&#8230; Chargement&#8230; Chargement&#8230; Chargement&#8230; Meet the Nexi &hellip;<\/p>\n","protected":false},"author":1,"featured_media":0,"parent":0,"menu_order":111,"comment_status":"closed","ping_status":"closed","template":"","meta":{"_acf_changed":false,"content-type":"","footnotes":""},"solution":[67],"industry":[112],"type_classification":[121,124],"class_list":["post-7423","page","type-page","status-publish","hentry","solution-soins-de-sante","industry-sante","type_classification-logiciel","type_classification-produits"],"acf":[],"yoast_head":"<!-- This site is optimized with the Yoast SEO plugin v26.4 - https:\/\/yoast.com\/wordpress\/plugins\/seo\/ -->\n<title>Nexi - Sant\u00e9 | Calian<\/title>\n<meta name=\"robots\" content=\"index, follow, max-snippet:-1, max-image-preview:large, max-video-preview:-1\" \/>\n<link rel=\"canonical\" href=\"https:\/\/www.calian.com\/health\/fr\/nexi\/\" \/>\n<meta property=\"og:locale\" content=\"fr_FR\" \/>\n<meta property=\"og:type\" content=\"article\" \/>\n<meta property=\"og:title\" content=\"Nexi - Sant\u00e9 | Calian\" \/>\n<meta property=\"og:description\" content=\"Lib\u00e9rez le potentiel de votre entreprise de soins de sant\u00e9 Calian\u00ae Nexi\u2122 est le syst\u00e8me simple et tout-en-un pour automatiser l&#8217;administration de votre entreprise.  Portail Nexi  Solutions Nexi Chargement&#8230; Chargement&#8230; Chargement&#8230; Chargement&#8230; Meet the Nexi &hellip;\" \/>\n<meta property=\"og:url\" content=\"https:\/\/www.calian.com\/health\/fr\/nexi\/\" \/>\n<meta property=\"og:site_name\" content=\"Calian Sant\u00e9\" \/>\n<meta property=\"article:publisher\" content=\"https:\/\/www.facebook.com\/CalianGroup\/\" \/>\n<meta property=\"article:modified_time\" content=\"2025-02-11T19:35:18+00:00\" \/>\n<meta property=\"og:image\" content=\"https:\/\/sites.calian.com\/app\/uploads\/sites\/7\/2023\/10\/Frame-121x42-1.webp\" \/>\n<meta name=\"twitter:card\" content=\"summary_large_image\" \/>\n<meta name=\"twitter:site\" content=\"@CalianGroup\" \/>\n<meta name=\"twitter:label1\" content=\"Est. reading time\" \/>\n\t<meta name=\"twitter:data1\" content=\"1 minute\" \/>\n<script type=\"application\/ld+json\" class=\"yoast-schema-graph\">{\"@context\":\"https:\/\/schema.org\",\"@graph\":[{\"@type\":\"WebPage\",\"@id\":\"https:\/\/www.calian.com\/health\/fr\/nexi\/\",\"url\":\"https:\/\/www.calian.com\/health\/fr\/nexi\/\",\"name\":\"Nexi - Sant\u00e9 | Calian\",\"isPartOf\":{\"@id\":\"https:\/\/www.calian.com\/health\/fr\/en\/#website\"},\"primaryImageOfPage\":{\"@id\":\"https:\/\/www.calian.com\/health\/fr\/nexi\/#primaryimage\"},\"image\":{\"@id\":\"https:\/\/www.calian.com\/health\/fr\/nexi\/#primaryimage\"},\"thumbnailUrl\":\"https:\/\/sites.calian.com\/app\/uploads\/sites\/7\/2023\/10\/Frame-121x42-1.webp\",\"datePublished\":\"2023-10-20T00:37:31+00:00\",\"dateModified\":\"2025-02-11T19:35:18+00:00\",\"inLanguage\":\"fr-FR\",\"potentialAction\":[{\"@type\":\"ReadAction\",\"target\":[\"https:\/\/www.calian.com\/health\/fr\/nexi\/\"]}]},{\"@type\":\"ImageObject\",\"inLanguage\":\"fr-FR\",\"@id\":\"https:\/\/www.calian.com\/health\/fr\/nexi\/#primaryimage\",\"url\":\"https:\/\/sites.calian.com\/app\/uploads\/sites\/7\/2023\/10\/Frame-121x42-1.webp\",\"contentUrl\":\"https:\/\/sites.calian.com\/app\/uploads\/sites\/7\/2023\/10\/Frame-121x42-1.webp\"},{\"@type\":\"WebSite\",\"@id\":\"https:\/\/www.calian.com\/health\/fr\/en\/#website\",\"url\":\"https:\/\/www.calian.com\/health\/fr\/en\/\",\"name\":\"Calian Sant\u00e9\",\"description\":\"\",\"publisher\":{\"@id\":\"https:\/\/www.calian.com\/health\/fr\/en\/#organization\"},\"potentialAction\":[{\"@type\":\"SearchAction\",\"target\":{\"@type\":\"EntryPoint\",\"urlTemplate\":\"https:\/\/www.calian.com\/health\/fr\/en\/?s={search_term_string}\"},\"query-input\":{\"@type\":\"PropertyValueSpecification\",\"valueRequired\":true,\"valueName\":\"search_term_string\"}}],\"inLanguage\":\"fr-FR\"},{\"@type\":\"Organization\",\"@id\":\"https:\/\/www.calian.com\/health\/fr\/en\/#organization\",\"name\":\"Calian\",\"url\":\"https:\/\/www.calian.com\/health\/fr\/en\/\",\"logo\":{\"@type\":\"ImageObject\",\"inLanguage\":\"fr-FR\",\"@id\":\"https:\/\/www.calian.com\/health\/fr\/en\/#\/schema\/logo\/image\/\",\"url\":\"https:\/\/sites.calian.com\/app\/uploads\/sites\/7\/2023\/12\/Calian-Logo-Tag-RGB-seo.webp\",\"contentUrl\":\"https:\/\/sites.calian.com\/app\/uploads\/sites\/7\/2023\/12\/Calian-Logo-Tag-RGB-seo.webp\",\"width\":696,\"height\":348,\"caption\":\"Calian\"},\"image\":{\"@id\":\"https:\/\/www.calian.com\/health\/fr\/en\/#\/schema\/logo\/image\/\"},\"sameAs\":[\"https:\/\/www.facebook.com\/CalianGroup\/\",\"https:\/\/x.com\/CalianGroup\",\"https:\/\/www.linkedin.com\/company\/calian\/\"]}]}<\/script>\n<!-- \/ Yoast SEO plugin. -->","yoast_head_json":{"title":"Nexi - Sant\u00e9 | Calian","robots":{"index":"index","follow":"follow","max-snippet":"max-snippet:-1","max-image-preview":"max-image-preview:large","max-video-preview":"max-video-preview:-1"},"canonical":"https:\/\/www.calian.com\/health\/fr\/nexi\/","og_locale":"fr_FR","og_type":"article","og_title":"Nexi - Sant\u00e9 | Calian","og_description":"Lib\u00e9rez le potentiel de votre entreprise de soins de sant\u00e9 Calian\u00ae Nexi\u2122 est le syst\u00e8me simple et tout-en-un pour automatiser l&#8217;administration de votre entreprise.  Portail Nexi  Solutions Nexi Chargement&#8230; Chargement&#8230; Chargement&#8230; Chargement&#8230; Meet the Nexi &hellip;","og_url":"https:\/\/www.calian.com\/health\/fr\/nexi\/","og_site_name":"Calian Sant\u00e9","article_publisher":"https:\/\/www.facebook.com\/CalianGroup\/","article_modified_time":"2025-02-11T19:35:18+00:00","og_image":[{"url":"https:\/\/sites.calian.com\/app\/uploads\/sites\/7\/2023\/10\/Frame-121x42-1.webp","type":"","width":"","height":""}],"twitter_card":"summary_large_image","twitter_site":"@CalianGroup","twitter_misc":{"Est. reading time":"1 minute"},"schema":{"@context":"https:\/\/schema.org","@graph":[{"@type":"WebPage","@id":"https:\/\/www.calian.com\/health\/fr\/nexi\/","url":"https:\/\/www.calian.com\/health\/fr\/nexi\/","name":"Nexi - Sant\u00e9 | Calian","isPartOf":{"@id":"https:\/\/www.calian.com\/health\/fr\/en\/#website"},"primaryImageOfPage":{"@id":"https:\/\/www.calian.com\/health\/fr\/nexi\/#primaryimage"},"image":{"@id":"https:\/\/www.calian.com\/health\/fr\/nexi\/#primaryimage"},"thumbnailUrl":"https:\/\/sites.calian.com\/app\/uploads\/sites\/7\/2023\/10\/Frame-121x42-1.webp","datePublished":"2023-10-20T00:37:31+00:00","dateModified":"2025-02-11T19:35:18+00:00","inLanguage":"fr-FR","potentialAction":[{"@type":"ReadAction","target":["https:\/\/www.calian.com\/health\/fr\/nexi\/"]}]},{"@type":"ImageObject","inLanguage":"fr-FR","@id":"https:\/\/www.calian.com\/health\/fr\/nexi\/#primaryimage","url":"https:\/\/sites.calian.com\/app\/uploads\/sites\/7\/2023\/10\/Frame-121x42-1.webp","contentUrl":"https:\/\/sites.calian.com\/app\/uploads\/sites\/7\/2023\/10\/Frame-121x42-1.webp"},{"@type":"WebSite","@id":"https:\/\/www.calian.com\/health\/fr\/en\/#website","url":"https:\/\/www.calian.com\/health\/fr\/en\/","name":"Calian Sant\u00e9","description":"","publisher":{"@id":"https:\/\/www.calian.com\/health\/fr\/en\/#organization"},"potentialAction":[{"@type":"SearchAction","target":{"@type":"EntryPoint","urlTemplate":"https:\/\/www.calian.com\/health\/fr\/en\/?s={search_term_string}"},"query-input":{"@type":"PropertyValueSpecification","valueRequired":true,"valueName":"search_term_string"}}],"inLanguage":"fr-FR"},{"@type":"Organization","@id":"https:\/\/www.calian.com\/health\/fr\/en\/#organization","name":"Calian","url":"https:\/\/www.calian.com\/health\/fr\/en\/","logo":{"@type":"ImageObject","inLanguage":"fr-FR","@id":"https:\/\/www.calian.com\/health\/fr\/en\/#\/schema\/logo\/image\/","url":"https:\/\/sites.calian.com\/app\/uploads\/sites\/7\/2023\/12\/Calian-Logo-Tag-RGB-seo.webp","contentUrl":"https:\/\/sites.calian.com\/app\/uploads\/sites\/7\/2023\/12\/Calian-Logo-Tag-RGB-seo.webp","width":696,"height":348,"caption":"Calian"},"image":{"@id":"https:\/\/www.calian.com\/health\/fr\/en\/#\/schema\/logo\/image\/"},"sameAs":["https:\/\/www.facebook.com\/CalianGroup\/","https:\/\/x.com\/CalianGroup","https:\/\/www.linkedin.com\/company\/calian\/"]}]}},"_links":{"self":[{"href":"https:\/\/health.calian.com\/fr\/wp-json\/wp\/v2\/pages\/7423","targetHints":{"allow":["GET"]}}],"collection":[{"href":"https:\/\/health.calian.com\/fr\/wp-json\/wp\/v2\/pages"}],"about":[{"href":"https:\/\/health.calian.com\/fr\/wp-json\/wp\/v2\/types\/page"}],"author":[{"embeddable":true,"href":"https:\/\/health.calian.com\/fr\/wp-json\/wp\/v2\/users\/1"}],"replies":[{"embeddable":true,"href":"https:\/\/health.calian.com\/fr\/wp-json\/wp\/v2\/comments?post=7423"}],"version-history":[{"count":27,"href":"https:\/\/health.calian.com\/fr\/wp-json\/wp\/v2\/pages\/7423\/revisions"}],"predecessor-version":[{"id":10887,"href":"https:\/\/health.calian.com\/fr\/wp-json\/wp\/v2\/pages\/7423\/revisions\/10887"}],"wp:attachment":[{"href":"https:\/\/health.calian.com\/fr\/wp-json\/wp\/v2\/media?parent=7423"}],"wp:term":[{"taxonomy":"solution","embeddable":true,"href":"https:\/\/health.calian.com\/fr\/wp-json\/wp\/v2\/solution?post=7423"},{"taxonomy":"industry","embeddable":true,"href":"https:\/\/health.calian.com\/fr\/wp-json\/wp\/v2\/industry?post=7423"},{"taxonomy":"type_classification","embeddable":true,"href":"https:\/\/health.calian.com\/fr\/wp-json\/wp\/v2\/type_classification?post=7423"}],"curies":[{"name":"wp","href":"https:\/\/api.w.org\/{rel}","templated":true}]}}