{"id":10240,"date":"2024-11-13T16:37:13","date_gmt":"2024-11-13T21:37:13","guid":{"rendered":"https:\/\/www.calian.com\/health\/?page_id=10240"},"modified":"2025-01-22T15:29:10","modified_gmt":"2025-01-22T20:29:10","slug":"stimuler-la-productivite-investir-dans-le-developpement-des-competences-et-le-bien-etre-de-la-main-doeuvre","status":"publish","type":"page","link":"https:\/\/www.calian.com\/health\/fr\/stimuler-la-productivite-investir-dans-le-developpement-des-competences-et-le-bien-etre-de-la-main-doeuvre\/","title":{"rendered":"Stimuler la productivit\u00e9 : Investir dans le d\u00e9veloppement des comp\u00e9tences et le bien-\u00eatre de la main-d&#8217;\u0153uvre"},"content":{"rendered":"\n<div class=\"tbk-hydrate-component\" data-cid=\"afc328e8-a28f-4ff7-957f-b5b1933be526\" data-component=\"LandingPageHeader\"><header class=\"calian-header landing-page-header calian-header--invert calian-header--style-invert wp-block-calian-com-components-calian-landing-page-header\"><div class=\"calian-header__container container-fluid\"><nav class=\"calian-header__navbar navbar navbar-expand-xl navbar-white\"><div class=\"calian-header__navbar-container container-fluid\"><a class=\"calian-header__navbar-brand navbar-brand\" href=\"\/\"><img decoding=\"async\" src=\"https:\/\/sites.calian.com\/app\/uploads\/sites\/7\/2024\/11\/logo-colour-1.svg\" alt=\"\" class=\"img-fluid\"\/><\/a><div class=\"calian-header__navbar-collapse collapse collapse navbar-collapse\"><div class=\"calian-header__navbar-left\"><\/div><div class=\"calian-header__navbar-right\"><ul class=\"nav justify-content-start calian-header__main-nav\"><li class=\"nav-item\"><a class=\"nav-link\" href=\"https:\/\/www.calian.com\/health\/fr\/\">Accueil Sant\u00e9<\/a><\/li><\/ul><\/div><\/div><\/div><\/nav><div class=\"calian-header__cta-search\"><\/div><button type=\"button\" class=\"calian-header__navbar-toggler btn navbar-toggler\" data-bs-toggle=\"offcanvas\" data-bs-target=\".offcanvas\" aria-label=\"Toggle\"><i class=\"icon icon-menu-alternate\"><\/i><\/button><\/div><div class=\"offcanvas offcanvas-end\"><div class=\"offcanvas-header\"><div class=\"offcanvas-header__upper\"><div class=\"offcanvas-header__brand\"><a class=\"calian-header__navbar-brand navbar-brand\" href=\"\/\"><img decoding=\"async\" src=\"https:\/\/sites.calian.com\/app\/uploads\/sites\/7\/2024\/11\/logo-colour-1.svg\" alt=\"\" class=\"img-fluid\"\/><\/a><\/div><button type=\"button\" class=\"btn-close text-reset\" data-bs-dismiss=\"offcanvas\" aria-label=\"Close\"><\/button><\/div><\/div><div class=\"offcanvas-body\"><ul class=\"nav justify-content-start flex-column calian-header__main-nav--mobile\"><li class=\"nav-item\"><a class=\"nav-link\" href=\"https:\/\/www.calian.com\/health\/fr\/\">Accueil Sant\u00e9<\/a><\/li><\/ul><div class=\"calian-header__cta-language-select-mobile\"><div class=\"calian-header__cta-language-select-mobile__cta\"><\/div><\/div><\/div><\/div><\/header><\/div>\n\n<div class=\"tbk-hydrate-component\" data-cid=\"15bcc338-922c-40ec-9696-3819ad412576\" data-component=\"MainHeroVideo\"><div class=\"calian-main-hero wp-block-calian-com-components-calian-main-hero-video inverted\"><div class=\"main-hero-video position-relative\"><div class=\"main-hero-video__overlay-top\"><\/div><div class=\"main-hero-video__overlay-left\"><\/div><div class=\"main-hero-video__overlay-general\"><\/div><div class=\"main-hero-video__content container-fluid mw-1195px\"><div class=\"row px-3\"><div class=\"col-12 mw-641px p-0\"><p class=\"main-hero-video__pre-heading text-white fs-4 mb-4\">Stimuler la productivit\u00e9<\/p><h1 class=\"main-hero-video__heading text-white mb-4\">Investir dans le d\u00e9veloppement des comp\u00e9tences et le bien-\u00eatre de la main-d&#8217;\u0153uvre<\/h1><div class=\"main-hero-software__cta-buttons d-flex flex-column flex-sm-row justify-content-start pt-2\"><a href=\"https:\/\/hub.calian.com\/hubfs\/Calian-Manufacturing%20Productivity-C241118WP.pdf?utm_source=email&#038;utm_medium=website&#038;utm_campaign=health_boosting+_productivity\" class=\"btn btn-light mt-3 mt-sm-0 ms-sm-3\" target=\"_blank\" rel=\"noreferrer noopener\">T\u00e9l\u00e9charger le livre blanc<\/a><\/div><\/div><\/div><\/div><img loading=\"lazy\" decoding=\"async\" src=\"https:\/\/sites.calian.com\/app\/uploads\/sites\/7\/2024\/11\/iStock-1038364390-1024x683.jpg\" alt=\"Une femme portant un casque et des lunettes de s&#xE9;curit&#xE9; examine un &#xE9;quipement industriel.\" width=\"1024\" height=\"683\" class=\"hero-banner__bg-img\"\/><\/div><\/div><\/div>\n\n<div class=\"tbk-hydrate-component\" data-cid=\"cc916746-c80a-4696-96fa-fce0e7a69fa7\" data-component=\"Spacer\"><div class=\"calian-spacer calian-spacer--small wp-block-calian-com-components-calian-spacer\"><\/div><\/div>\n\n<div class=\"tbk-hydrate-component\" data-cid=\"801ccdb2-0316-4d55-a326-b0855224f54c\" data-component=\"CalianContainer\"><div class=\"calian-container calian-container-post wp-block-calian-com-components-calian-container\"><div>\n<p>Le secteur manufacturier canadien est confront\u00e9 \u00e0 un probl\u00e8me de productivit\u00e9, ce qui rend plus difficile la r\u00e9tention des talents et le maintien de la croissance. Les travailleurs veulent plus que des salaires \u00e9quitables : ils recherchent un but, des valeurs align\u00e9es et des lieux de travail qui accordent la priorit\u00e9 \u00e0 leur bien-\u00eatre. <\/p>\n\n\n\n<p>Ce livre blanc propose aux dirigeants de l&#8217;industrie manufacturi\u00e8re des solutions pratiques, telles que l&#8217;am\u00e9lioration de la s\u00e9curit\u00e9, l&#8217;investissement dans le d\u00e9veloppement des comp\u00e9tences et le soutien \u00e0 la sant\u00e9 et au bien-\u00eatre.<\/p>\n<\/div><\/div><\/div>\n\n<div class=\"tbk-hydrate-component\" data-cid=\"ab3215ec-27e2-4be9-a3db-d394735f264c\" data-component=\"Spacer\"><div class=\"calian-spacer wp-block-calian-com-components-calian-spacer\"><\/div><\/div>\n\n<div class=\"tbk-hydrate-component\" data-cid=\"42c4aa1a-eba5-49ad-a85c-01662298a371\" data-component=\"LandingPageFooter\"><div class=\"landing-page-footer wp-block-calian-com-components-calian-landing-page-footer\"><div class=\"landing-page-footer__container container-fluid\"><a class=\"landing-page-footer__logo-link\" href=\"\/\"><img loading=\"lazy\" decoding=\"async\" src=\"https:\/\/sites.calian.com\/app\/dist\/logo-colour-WZMAWDEU.svg\" alt=\"\" width=\"180\" height=\"65\" class=\"landing-page-footer__logo-img\"\/><\/a><ul class=\"nav justify-content-start landing-page-footer__bottom-nav\"><li class=\"nav-item\"><a class=\"nav-link\" href=\"https:\/\/www.calian.com\/privacy-statement\/\" target=\"_blank\" rel=\"noopener\">D\u00e9claration de confidentialit\u00e9<\/a><\/li><li class=\"nav-item\"><a class=\"nav-link\" href=\"https:\/\/www.calian.com\/fr\/politique-daccessibilite\/\" target=\"_blank\" rel=\"noopener\">Politique d&#8217;accessibilit\u00e9<\/a><\/li><\/ul><p class=\"landing-page-footer__copyright\">\u00a9 2025 Calian Group Ltd. CNESST# AR-2000790<\/p><ul class=\"landing-page-footer__bottom--social-icons list-unstyled\"><li><a href=\"https:\/\/www.linkedin.com\/company\/calianhealth\/posts\/?feedView=all\" target=\"_blank\" aria-label=\"linkedin\" class=\"share-icon-link\" rel=\"noopener\"><i class=\"icon icon-linkedin\"><\/i><\/a><\/li><\/ul><\/div><\/div><\/div>\n","protected":false},"excerpt":{"rendered":"<p><a class=\"calian-header__navbar-brand navbar-brand\" href=\"\/\"> <\/a> <\/p>\n<ul class=\"nav justify-content-start calian-header__main-nav\">\n<li class=\"nav-item\"> <a class=\"nav-link\" href=\"https:\/\/www.calian.com\/health\/fr\/\"> Accueil Sant\u00e9 <\/a> <\/li>\n<\/ul>\n<p> <a class=\"calian-header__navbar-brand navbar-brand\" href=\"\/\"> <\/a> <\/p>\n<ul class=\"nav justify-content-start flex-column calian-header__main-nav--mobile\">\n<li class=\"nav-item\"> <a class=\"nav-link\" href=\"https:\/\/www.calian.com\/health\/fr\/\"> Accueil Sant\u00e9 <\/a> <\/li>\n<\/ul>\n<p class=\"main-hero-video__pre-heading text-white fs-4 mb-4\"> Stimuler la productivit\u00e9 <\/p>\n<p> Investir dans le d\u00e9veloppement des comp\u00e9tences et le bien-\u00eatre de la main-d&#8217;\u0153uvre &hellip;<\/p>\n","protected":false},"author":7592,"featured_media":10290,"parent":0,"menu_order":27,"comment_status":"closed","ping_status":"closed","template":"page-landing-page.php","meta":{"_acf_changed":false,"content-type":"","footnotes":""},"solution":[67],"industry":[111],"type_classification":[],"class_list":["post-10240","page","type-page","status-publish","has-post-thumbnail","hentry","solution-soins-de-sante","industry-fabrication"],"acf":[],"yoast_head":"<!-- This site is optimized with the Yoast SEO plugin v26.4 - https:\/\/yoast.com\/wordpress\/plugins\/seo\/ -->\n<title>Stimuler la productivit\u00e9 : Investir dans le d\u00e9veloppement des comp\u00e9tences et le bien-\u00eatre de la main-d&#039;\u0153uvre - Sant\u00e9 | Calian<\/title>\n<meta name=\"robots\" content=\"index, follow, max-snippet:-1, max-image-preview:large, max-video-preview:-1\" \/>\n<link rel=\"canonical\" href=\"https:\/\/www.calian.com\/health\/fr\/stimuler-la-productivite-investir-dans-le-developpement-des-competences-et-le-bien-etre-de-la-main-doeuvre\/\" \/>\n<meta property=\"og:locale\" content=\"fr_FR\" \/>\n<meta property=\"og:type\" content=\"article\" \/>\n<meta property=\"og:title\" content=\"Stimuler la productivit\u00e9 : Investir dans le d\u00e9veloppement des comp\u00e9tences et le bien-\u00eatre de la main-d&#039;\u0153uvre - Sant\u00e9 | Calian\" \/>\n<meta property=\"og:description\" content=\"Accueil Sant\u00e9     Accueil Sant\u00e9   Stimuler la productivit\u00e9 Investir dans le d\u00e9veloppement des comp\u00e9tences et le bien-\u00eatre de la main-d&#8217;\u0153uvre &hellip;\" \/>\n<meta property=\"og:url\" content=\"https:\/\/www.calian.com\/health\/fr\/stimuler-la-productivite-investir-dans-le-developpement-des-competences-et-le-bien-etre-de-la-main-doeuvre\/\" \/>\n<meta property=\"og:site_name\" content=\"Calian Sant\u00e9\" \/>\n<meta property=\"article:publisher\" content=\"https:\/\/www.facebook.com\/CalianGroup\/\" \/>\n<meta property=\"article:modified_time\" content=\"2025-01-22T20:29:10+00:00\" \/>\n<meta property=\"og:image\" content=\"https:\/\/sites.calian.com\/app\/uploads\/sites\/7\/2024\/11\/iStock-1038364390-scaled.jpg\" \/>\n\t<meta property=\"og:image:width\" content=\"2560\" \/>\n\t<meta property=\"og:image:height\" content=\"1707\" \/>\n\t<meta property=\"og:image:type\" content=\"image\/jpeg\" \/>\n<meta name=\"twitter:card\" content=\"summary_large_image\" \/>\n<meta name=\"twitter:site\" content=\"@CalianGroup\" \/>\n<meta name=\"twitter:label1\" content=\"Est. reading time\" \/>\n\t<meta name=\"twitter:data1\" content=\"3 minutes\" \/>\n<script type=\"application\/ld+json\" class=\"yoast-schema-graph\">{\"@context\":\"https:\/\/schema.org\",\"@graph\":[{\"@type\":\"WebPage\",\"@id\":\"https:\/\/www.calian.com\/health\/fr\/stimuler-la-productivite-investir-dans-le-developpement-des-competences-et-le-bien-etre-de-la-main-doeuvre\/\",\"url\":\"https:\/\/www.calian.com\/health\/fr\/stimuler-la-productivite-investir-dans-le-developpement-des-competences-et-le-bien-etre-de-la-main-doeuvre\/\",\"name\":\"Stimuler la productivit\u00e9 : Investir dans le d\u00e9veloppement des comp\u00e9tences et le bien-\u00eatre de la main-d'\u0153uvre - Sant\u00e9 | Calian\",\"isPartOf\":{\"@id\":\"https:\/\/www.calian.com\/health\/fr\/en\/#website\"},\"primaryImageOfPage\":{\"@id\":\"https:\/\/www.calian.com\/health\/fr\/stimuler-la-productivite-investir-dans-le-developpement-des-competences-et-le-bien-etre-de-la-main-doeuvre\/#primaryimage\"},\"image\":{\"@id\":\"https:\/\/www.calian.com\/health\/fr\/stimuler-la-productivite-investir-dans-le-developpement-des-competences-et-le-bien-etre-de-la-main-doeuvre\/#primaryimage\"},\"thumbnailUrl\":\"https:\/\/sites.calian.com\/app\/uploads\/sites\/7\/2024\/11\/iStock-1038364390-scaled.jpg\",\"datePublished\":\"2024-11-13T21:37:13+00:00\",\"dateModified\":\"2025-01-22T20:29:10+00:00\",\"inLanguage\":\"fr-FR\",\"potentialAction\":[{\"@type\":\"ReadAction\",\"target\":[\"https:\/\/www.calian.com\/health\/fr\/stimuler-la-productivite-investir-dans-le-developpement-des-competences-et-le-bien-etre-de-la-main-doeuvre\/\"]}]},{\"@type\":\"ImageObject\",\"inLanguage\":\"fr-FR\",\"@id\":\"https:\/\/www.calian.com\/health\/fr\/stimuler-la-productivite-investir-dans-le-developpement-des-competences-et-le-bien-etre-de-la-main-doeuvre\/#primaryimage\",\"url\":\"https:\/\/sites.calian.com\/app\/uploads\/sites\/7\/2024\/11\/iStock-1038364390-scaled.jpg\",\"contentUrl\":\"https:\/\/sites.calian.com\/app\/uploads\/sites\/7\/2024\/11\/iStock-1038364390-scaled.jpg\",\"width\":2560,\"height\":1707,\"caption\":\"Portrait of young businesswoman with white helmet looking up and seen from the industrial steel cable reel for crane in factory warehouse. She is testing and working with winding wire and cable drum accessories metal wire spool reel wear resistance.\"},{\"@type\":\"WebSite\",\"@id\":\"https:\/\/www.calian.com\/health\/fr\/en\/#website\",\"url\":\"https:\/\/www.calian.com\/health\/fr\/en\/\",\"name\":\"Calian Sant\u00e9\",\"description\":\"\",\"publisher\":{\"@id\":\"https:\/\/www.calian.com\/health\/fr\/en\/#organization\"},\"potentialAction\":[{\"@type\":\"SearchAction\",\"target\":{\"@type\":\"EntryPoint\",\"urlTemplate\":\"https:\/\/www.calian.com\/health\/fr\/en\/?s={search_term_string}\"},\"query-input\":{\"@type\":\"PropertyValueSpecification\",\"valueRequired\":true,\"valueName\":\"search_term_string\"}}],\"inLanguage\":\"fr-FR\"},{\"@type\":\"Organization\",\"@id\":\"https:\/\/www.calian.com\/health\/fr\/en\/#organization\",\"name\":\"Calian\",\"url\":\"https:\/\/www.calian.com\/health\/fr\/en\/\",\"logo\":{\"@type\":\"ImageObject\",\"inLanguage\":\"fr-FR\",\"@id\":\"https:\/\/www.calian.com\/health\/fr\/en\/#\/schema\/logo\/image\/\",\"url\":\"https:\/\/sites.calian.com\/app\/uploads\/sites\/7\/2023\/12\/Calian-Logo-Tag-RGB-seo.webp\",\"contentUrl\":\"https:\/\/sites.calian.com\/app\/uploads\/sites\/7\/2023\/12\/Calian-Logo-Tag-RGB-seo.webp\",\"width\":696,\"height\":348,\"caption\":\"Calian\"},\"image\":{\"@id\":\"https:\/\/www.calian.com\/health\/fr\/en\/#\/schema\/logo\/image\/\"},\"sameAs\":[\"https:\/\/www.facebook.com\/CalianGroup\/\",\"https:\/\/x.com\/CalianGroup\",\"https:\/\/www.linkedin.com\/company\/calian\/\"]}]}<\/script>\n<!-- \/ Yoast SEO plugin. -->","yoast_head_json":{"title":"Stimuler la productivit\u00e9 : Investir dans le d\u00e9veloppement des comp\u00e9tences et le bien-\u00eatre de la main-d'\u0153uvre - Sant\u00e9 | Calian","robots":{"index":"index","follow":"follow","max-snippet":"max-snippet:-1","max-image-preview":"max-image-preview:large","max-video-preview":"max-video-preview:-1"},"canonical":"https:\/\/www.calian.com\/health\/fr\/stimuler-la-productivite-investir-dans-le-developpement-des-competences-et-le-bien-etre-de-la-main-doeuvre\/","og_locale":"fr_FR","og_type":"article","og_title":"Stimuler la productivit\u00e9 : Investir dans le d\u00e9veloppement des comp\u00e9tences et le bien-\u00eatre de la main-d'\u0153uvre - Sant\u00e9 | Calian","og_description":"Accueil Sant\u00e9     Accueil Sant\u00e9   Stimuler la productivit\u00e9 Investir dans le d\u00e9veloppement des comp\u00e9tences et le bien-\u00eatre de la main-d&#8217;\u0153uvre &hellip;","og_url":"https:\/\/www.calian.com\/health\/fr\/stimuler-la-productivite-investir-dans-le-developpement-des-competences-et-le-bien-etre-de-la-main-doeuvre\/","og_site_name":"Calian Sant\u00e9","article_publisher":"https:\/\/www.facebook.com\/CalianGroup\/","article_modified_time":"2025-01-22T20:29:10+00:00","og_image":[{"width":2560,"height":1707,"url":"https:\/\/sites.calian.com\/app\/uploads\/sites\/7\/2024\/11\/iStock-1038364390-scaled.jpg","type":"image\/jpeg"}],"twitter_card":"summary_large_image","twitter_site":"@CalianGroup","twitter_misc":{"Est. reading time":"3 minutes"},"schema":{"@context":"https:\/\/schema.org","@graph":[{"@type":"WebPage","@id":"https:\/\/www.calian.com\/health\/fr\/stimuler-la-productivite-investir-dans-le-developpement-des-competences-et-le-bien-etre-de-la-main-doeuvre\/","url":"https:\/\/www.calian.com\/health\/fr\/stimuler-la-productivite-investir-dans-le-developpement-des-competences-et-le-bien-etre-de-la-main-doeuvre\/","name":"Stimuler la productivit\u00e9 : Investir dans le d\u00e9veloppement des comp\u00e9tences et le bien-\u00eatre de la main-d'\u0153uvre - Sant\u00e9 | Calian","isPartOf":{"@id":"https:\/\/www.calian.com\/health\/fr\/en\/#website"},"primaryImageOfPage":{"@id":"https:\/\/www.calian.com\/health\/fr\/stimuler-la-productivite-investir-dans-le-developpement-des-competences-et-le-bien-etre-de-la-main-doeuvre\/#primaryimage"},"image":{"@id":"https:\/\/www.calian.com\/health\/fr\/stimuler-la-productivite-investir-dans-le-developpement-des-competences-et-le-bien-etre-de-la-main-doeuvre\/#primaryimage"},"thumbnailUrl":"https:\/\/sites.calian.com\/app\/uploads\/sites\/7\/2024\/11\/iStock-1038364390-scaled.jpg","datePublished":"2024-11-13T21:37:13+00:00","dateModified":"2025-01-22T20:29:10+00:00","inLanguage":"fr-FR","potentialAction":[{"@type":"ReadAction","target":["https:\/\/www.calian.com\/health\/fr\/stimuler-la-productivite-investir-dans-le-developpement-des-competences-et-le-bien-etre-de-la-main-doeuvre\/"]}]},{"@type":"ImageObject","inLanguage":"fr-FR","@id":"https:\/\/www.calian.com\/health\/fr\/stimuler-la-productivite-investir-dans-le-developpement-des-competences-et-le-bien-etre-de-la-main-doeuvre\/#primaryimage","url":"https:\/\/sites.calian.com\/app\/uploads\/sites\/7\/2024\/11\/iStock-1038364390-scaled.jpg","contentUrl":"https:\/\/sites.calian.com\/app\/uploads\/sites\/7\/2024\/11\/iStock-1038364390-scaled.jpg","width":2560,"height":1707,"caption":"Portrait of young businesswoman with white helmet looking up and seen from the industrial steel cable reel for crane in factory warehouse. She is testing and working with winding wire and cable drum accessories metal wire spool reel wear resistance."},{"@type":"WebSite","@id":"https:\/\/www.calian.com\/health\/fr\/en\/#website","url":"https:\/\/www.calian.com\/health\/fr\/en\/","name":"Calian Sant\u00e9","description":"","publisher":{"@id":"https:\/\/www.calian.com\/health\/fr\/en\/#organization"},"potentialAction":[{"@type":"SearchAction","target":{"@type":"EntryPoint","urlTemplate":"https:\/\/www.calian.com\/health\/fr\/en\/?s={search_term_string}"},"query-input":{"@type":"PropertyValueSpecification","valueRequired":true,"valueName":"search_term_string"}}],"inLanguage":"fr-FR"},{"@type":"Organization","@id":"https:\/\/www.calian.com\/health\/fr\/en\/#organization","name":"Calian","url":"https:\/\/www.calian.com\/health\/fr\/en\/","logo":{"@type":"ImageObject","inLanguage":"fr-FR","@id":"https:\/\/www.calian.com\/health\/fr\/en\/#\/schema\/logo\/image\/","url":"https:\/\/sites.calian.com\/app\/uploads\/sites\/7\/2023\/12\/Calian-Logo-Tag-RGB-seo.webp","contentUrl":"https:\/\/sites.calian.com\/app\/uploads\/sites\/7\/2023\/12\/Calian-Logo-Tag-RGB-seo.webp","width":696,"height":348,"caption":"Calian"},"image":{"@id":"https:\/\/www.calian.com\/health\/fr\/en\/#\/schema\/logo\/image\/"},"sameAs":["https:\/\/www.facebook.com\/CalianGroup\/","https:\/\/x.com\/CalianGroup","https:\/\/www.linkedin.com\/company\/calian\/"]}]}},"_links":{"self":[{"href":"https:\/\/health.calian.com\/fr\/wp-json\/wp\/v2\/pages\/10240","targetHints":{"allow":["GET"]}}],"collection":[{"href":"https:\/\/health.calian.com\/fr\/wp-json\/wp\/v2\/pages"}],"about":[{"href":"https:\/\/health.calian.com\/fr\/wp-json\/wp\/v2\/types\/page"}],"author":[{"embeddable":true,"href":"https:\/\/health.calian.com\/fr\/wp-json\/wp\/v2\/users\/7592"}],"replies":[{"embeddable":true,"href":"https:\/\/health.calian.com\/fr\/wp-json\/wp\/v2\/comments?post=10240"}],"version-history":[{"count":54,"href":"https:\/\/health.calian.com\/fr\/wp-json\/wp\/v2\/pages\/10240\/revisions"}],"predecessor-version":[{"id":10867,"href":"https:\/\/health.calian.com\/fr\/wp-json\/wp\/v2\/pages\/10240\/revisions\/10867"}],"wp:featuredmedia":[{"embeddable":true,"href":"https:\/\/health.calian.com\/fr\/wp-json\/wp\/v2\/media\/10290"}],"wp:attachment":[{"href":"https:\/\/health.calian.com\/fr\/wp-json\/wp\/v2\/media?parent=10240"}],"wp:term":[{"taxonomy":"solution","embeddable":true,"href":"https:\/\/health.calian.com\/fr\/wp-json\/wp\/v2\/solution?post=10240"},{"taxonomy":"industry","embeddable":true,"href":"https:\/\/health.calian.com\/fr\/wp-json\/wp\/v2\/industry?post=10240"},{"taxonomy":"type_classification","embeddable":true,"href":"https:\/\/health.calian.com\/fr\/wp-json\/wp\/v2\/type_classification?post=10240"}],"curies":[{"name":"wp","href":"https:\/\/api.w.org\/{rel}","templated":true}]}}