{"id":10212,"date":"2024-11-12T14:39:45","date_gmt":"2024-11-12T19:39:45","guid":{"rendered":"https:\/\/www.calian.com\/health\/?page_id=10212"},"modified":"2024-11-12T14:58:28","modified_gmt":"2024-11-12T19:58:28","slug":"evaluation-de-letat-de-preparation-des-donnees-des-soins-de-sante","status":"publish","type":"page","link":"https:\/\/www.calian.com\/health\/fr\/evaluation-de-letat-de-preparation-des-donnees-des-soins-de-sante\/","title":{"rendered":"\u00c9valuation de l&#8217;\u00e9tat de pr\u00e9paration aux donn\u00e9es et \u00e0 l&#8217;IA dans le secteur de la sant\u00e9"},"content":{"rendered":"\n<div class=\"tbk-hydrate-component\" data-cid=\"216d61be-51fc-4fe8-84f9-37270e3bc817\" data-component=\"LandingPageHeader\"><header class=\"calian-header landing-page-header calian-header--invert calian-header--style-invert wp-block-calian-com-components-calian-landing-page-header\"><div class=\"calian-header__container container-fluid\"><nav class=\"calian-header__navbar navbar navbar-expand-xl navbar-white\"><div class=\"calian-header__navbar-container container-fluid\"><a class=\"calian-header__navbar-brand navbar-brand\" href=\"https:\/\/www.calian.com\/\"><img loading=\"lazy\" decoding=\"async\" src=\"https:\/\/sites.calian.com\/app\/uploads\/sites\/7\/2023\/10\/Calian-Logo-Grey-Background.jpg\" alt=\"Le logo de calean confidence engineered.\" width=\"964\" height=\"746\" class=\"img-fluid\"\/><\/a><div class=\"calian-header__navbar-collapse collapse collapse navbar-collapse\"><div class=\"calian-header__navbar-left\"><\/div><div class=\"calian-header__navbar-right\"><ul class=\"nav justify-content-start calian-header__main-nav\"><li class=\"nav-item\"><a class=\"nav-link\" href=\"https:\/\/www.calian.com\/health\/fr\/corolar\/\">Accueil Corolar<\/a><\/li><\/ul><\/div><\/div><\/div><\/nav><div class=\"calian-header__cta-search\"><\/div><button type=\"button\" class=\"calian-header__navbar-toggler btn navbar-toggler\" data-bs-toggle=\"offcanvas\" data-bs-target=\".offcanvas\" aria-label=\"Toggle\"><i class=\"icon icon-menu-alternate\"><\/i><\/button><\/div><div class=\"offcanvas offcanvas-end\"><div class=\"offcanvas-header\"><div class=\"offcanvas-header__upper\"><div class=\"offcanvas-header__brand\"><a class=\"calian-header__navbar-brand navbar-brand\" href=\"https:\/\/www.calian.com\/\"><img loading=\"lazy\" decoding=\"async\" src=\"https:\/\/sites.calian.com\/app\/uploads\/sites\/7\/2023\/10\/Calian-Logo-Grey-Background.jpg\" alt=\"Le logo de calean confidence engineered.\" width=\"964\" height=\"746\" class=\"img-fluid\"\/><\/a><\/div><button type=\"button\" class=\"btn-close text-reset\" data-bs-dismiss=\"offcanvas\" aria-label=\"Close\"><\/button><\/div><\/div><div class=\"offcanvas-body\"><ul class=\"nav justify-content-start flex-column calian-header__main-nav--mobile\"><li class=\"nav-item\"><a class=\"nav-link\" href=\"https:\/\/www.calian.com\/health\/fr\/corolar\/\">Accueil Corolar<\/a><\/li><\/ul><div class=\"calian-header__cta-language-select-mobile\"><div class=\"calian-header__cta-language-select-mobile__cta\"><\/div><\/div><\/div><\/div><\/header><\/div>\n\n<div class=\"tbk-hydrate-component\" data-cid=\"9cf5bae5-f7ad-4a58-b097-4851e741709e\" data-component=\"Container\"><div class=\"container-fluid bg-light wp-block-tbk-components-container\" style=\"background-position:top center;background-size:cover;background-image:url(&#x27;https:\/\/sites.calian.com\/app\/uploads\/sites\/7\/2024\/11\/Data-AI-Assessment-new-1.jpg&#x27;)\"><div class=\"container-overlay bg-light\"><\/div><div>\n<div class=\"tbk-hydrate-component\" data-cid=\"8c4aac84-569c-4c47-b3d9-43262c0be67e\" data-component=\"Spacer\"><div class=\"calian-spacer calian-spacer--large wp-block-calian-com-components-calian-spacer\"><\/div><\/div>\n\n\n\n<div class=\"tbk-hydrate-component\" data-cid=\"5ce5c7d6-cb05-4acb-84bc-c0e5e8cd6452\" data-component=\"CalianContainer\"><div class=\"calian-container calian-container-post text-center wp-block-calian-com-components-calian-container\"><div>\n<div class=\"tbk-hydrate-component\" data-cid=\"abdfd674-d29e-4783-8dfd-9fbcf0fe4eca\" data-component=\"Spacer\"><div class=\"calian-spacer calian-spacer--extra-small wp-block-calian-com-components-calian-spacer\"><\/div><\/div>\n\n\n\n<h1 class=\"wp-block-heading has-white-color has-text-color has-link-color wp-elements-85fa4233007a06f9b39e4016b26067f3\">\u00c9valuez la maturit\u00e9 de vos donn\u00e9es de sant\u00e9 et de votre IA et transformez les soins aux patients.<\/h1>\n\n\n\n<div class=\"tbk-hydrate-component\" data-cid=\"abdfd674-d29e-4783-8dfd-9fbcf0fe4eca\" data-component=\"Spacer\"><div class=\"calian-spacer calian-spacer--extra-small wp-block-calian-com-components-calian-spacer\"><\/div><\/div>\n\n\n\n<p class=\"has-white-color has-text-color has-link-color wp-elements-ea2af1ef542e54084e6f443d5f174a1c\" style=\"font-size:18px\">T\u00e9l\u00e9chargez l&#8217;\u00e9valuation de l&#8217;\u00e9tat de pr\u00e9paration aux donn\u00e9es et \u00e0 l&#8217;IA dans le secteur de la sant\u00e9 de Calian pour \u00e9valuer l&#8217;\u00e9tat de pr\u00e9paration de votre organisation aux soins aux patients fond\u00e9s sur les donn\u00e9es et \u00e0 l&#8217;innovation en mati\u00e8re d&#8217;IA.<\/p>\n<\/div><\/div><\/div>\n\n\n\n<div class=\"tbk-hydrate-component\" data-cid=\"9e2853bf-e4ba-4fae-aa1f-e0444a0ca999\" data-component=\"Spacer\"><div class=\"calian-spacer wp-block-calian-com-components-calian-spacer\"><\/div><\/div>\n<\/div><\/div><\/div>\n\n<div class=\"wp-block-columns is-layout-flex wp-container-core-columns-is-layout-9d6595d7 wp-block-columns-is-layout-flex\">\n<div class=\"wp-block-column is-layout-flow wp-block-column-is-layout-flow\" style=\"flex-basis:3%\"><\/div>\n\n\n\n<div class=\"wp-block-column is-layout-flow wp-block-column-is-layout-flow\">\n<div class=\"tbk-hydrate-component\" data-cid=\"b289a0a1-07f4-4eb5-a751-c6fc37e69f26\" data-component=\"Spacer\"><div class=\"calian-spacer wp-block-calian-com-components-calian-spacer\"><\/div><\/div>\n\n\n\n<p>Le Healthcare Data and AI Readiness Assessment de Calian est un outil d&#8217;\u00e9valuation destin\u00e9 aux prestataires de soins de sant\u00e9 afin de d\u00e9terminer leur maturit\u00e9 dans les domaines cl\u00e9s n\u00e9cessaires \u00e0 l&#8217;adoption de l&#8217;IA et \u00e0 l&#8217;int\u00e9gration des donn\u00e9es.  <\/p>\n\n\n\n<p><strong>L&#8217;\u00e9valuation comprend sept cat\u00e9gories cl\u00e9s :  <\/strong><\/p>\n\n\n\n<ul class=\"wp-block-list\">\n<li>Strat\u00e9gie en mati\u00e8re de donn\u00e9es et d&#8217;IA  <\/li>\n<\/ul>\n\n\n\n<ul class=\"wp-block-list\">\n<li>Technologie et infrastructure  <\/li>\n<\/ul>\n\n\n\n<ul class=\"wp-block-list\">\n<li>\u00c9tat actuel des donn\u00e9es,  <\/li>\n<\/ul>\n\n\n\n<ul class=\"wp-block-list\">\n<li>\u00c9tat de l&#8217;analytique et de l&#8217;IA  <\/li>\n<\/ul>\n\n\n\n<ul class=\"wp-block-list\">\n<li>Gouvernance des donn\u00e9es et conformit\u00e9  <\/li>\n<\/ul>\n\n\n\n<ul class=\"wp-block-list\">\n<li>Personnes et processus  <\/li>\n<\/ul>\n\n\n\n<ul class=\"wp-block-list\">\n<li>R\u00e9sultats souhait\u00e9s et \u00e9tat futur  <\/li>\n<\/ul>\n<\/div>\n\n\n\n<div class=\"wp-block-column is-layout-flow wp-block-column-is-layout-flow\" style=\"flex-basis:3%\"><\/div>\n\n\n\n<div class=\"wp-block-column is-layout-flow wp-block-column-is-layout-flow\">\n<div class=\"tbk-hydrate-component\" data-cid=\"24cbc79d-24cb-4212-80d1-b65eff3dcc74\" data-component=\"ContactCTAHubSpot\"><div id=\"contact-form\" class=\"calian-contact-cta overflow-hidden position-relative white wp-block-calian-com-components-calian-contact-cta-hub-spot\"><div class=\"calian-contact-cta__overlay position-absolute z-2\"><\/div><div class=\"calian-contact-cta__container mx-auto py-5 py-md-10 position-relative z-3\"><div class=\"d-flex\"><div class=\"calian-contact-cta__form mx-auto px-3\"><div class=\"hs-form__container\" id=\"\"><div class=\"hs-form__container-inner\"><div class=\"d-flex justify-content-center p-1\"><div class=\"spinner-border text-primary \" role=\"status\" style=\"width:3rem;height:3rem\"><span class=\"visually-hidden\">Chargement&#8230;<\/span><\/div><\/div><div class=\"hs-form__target\"><\/div><\/div><\/div><\/div><\/div><\/div><\/div><\/div>\n<\/div>\n\n\n\n<div class=\"wp-block-column is-layout-flow wp-block-column-is-layout-flow\" style=\"flex-basis:3%\"><\/div>\n<\/div>\n\n<div class=\"tbk-hydrate-component\" data-cid=\"96f3b9f6-358d-4aa5-90c9-334a7305cab5\" data-component=\"Spacer\"><div class=\"calian-spacer calian-spacer--mobile-small wp-block-calian-com-components-calian-spacer\"><\/div><\/div>\n\n<div class=\"tbk-hydrate-component\" data-cid=\"57c5929d-8372-43fc-ba95-682baf3cb51a\" data-component=\"ServiceListingWithIcons\"><div class=\"calian-service-listing-with-icons overflow-hidden bg-light-bg position-relative wp-block-calian-com-components-calian-service-listing-with-icons\"><div class=\"container-fluid mw-1440px pt-6 pb-4 pt-lg-12 pb-lg-10 ps-3 pe-3 ps-xl-14 pe-xl-8 position-relative z-1\"><div class=\"row mb-lg-7 pb-lg-2\"><div class=\"col-12 col-lg-4\"><h2>Strat\u00e9gies innovantes en mati\u00e8re de soins de sant\u00e9<\/h2><\/div><div class=\"col-12 col-lg-8 ps-lg-2 pe-lg-10\"><p class=\"body-lg ps-lg-1 ls-0\">Ce guide fournit des informations exploitables et des strat\u00e9gies pratiques pour aider votre organisation \u00e0 migrer de mani\u00e8re transparente vers le nuage tout en minimisant les risques et en maximisant les avantages. <\/p><\/div><\/div><div class=\"row calian-service-listing-with-icons__service-grid\"><div class=\"col-12 col-md-6 col-lg-4 mb-1 mb-md-3 pb-1\"><div class=\"d-flex flex-row align-items-start mb-2\"><i class=\"fs-26px me-3 ps-1 icon icon-cloud-arrow-up text-primary\"><\/i><h5 class=\"mb-0 pe-5\">Pourquoi passer \u00e0 l&#8217;informatique d\u00e9mat\u00e9rialis\u00e9e?<\/h5><\/div><p class=\"mb-3 ls-0\">D\u00e9couvrez comment l&#8217;infrastructure en nuage peut transformer vos op\u00e9rations informatiques, en offrant une \u00e9volutivit\u00e9 in\u00e9gal\u00e9e, une s\u00e9curit\u00e9 avanc\u00e9e et un bon rapport co\u00fbt-efficacit\u00e9.  <\/p><\/div><div class=\"col-12 col-md-6 col-lg-4 mb-1 mb-md-3 pb-1\"><div class=\"d-flex flex-row align-items-start mb-2\"><i class=\"fs-26px me-3 ps-1 icon icon-heartbeat text-primary\"><\/i><h5 class=\"mb-0 pe-5\">Repenser l&#8217;int\u00e9gration des syst\u00e8mes de sant\u00e9<\/h5><\/div><p class=\"mb-3 ls-0\">Explorez les strat\u00e9gies d&#8217;int\u00e9gration des syst\u00e8mes existants avec des solutions modernes en nuage pour am\u00e9liorer l&#8217;interop\u00e9rabilit\u00e9 et maintenir des soins continus.  <\/p><\/div><div class=\"col-12 col-md-6 col-lg-4 mb-1 mb-md-3 pb-1\"><div class=\"d-flex flex-row align-items-start mb-2\"><i class=\"fs-26px me-3 ps-1 icon icon-cloud-check text-primary\"><\/i><h5 class=\"mb-0 pe-5\">Migration progressive vers l&#8217;informatique d\u00e9mat\u00e9rialis\u00e9e<\/h5><\/div><p class=\"mb-3 ls-0\">Comprenez comment tirer parti d&#8217;outils tels que Calian Corolar Cloud pour ex\u00e9cuter une migration par \u00e9tapes, en r\u00e9duisant les risques et en garantissant une transition en douceur.  <\/p><\/div><div class=\"col-12 col-md-6 col-lg-4 mb-1 mb-md-3 pb-1\"><div class=\"d-flex flex-row align-items-start mb-2\"><i class=\"fs-26px me-3 ps-1 icon icon-user-circle-gear text-primary\"><\/i><h5 class=\"mb-0 pe-5\">5 \u00e9tapes cruciales pour une migration r\u00e9ussie vers l&#8217;informatique d\u00e9mat\u00e9rialis\u00e9e<\/h5><\/div><p class=\"mb-3 ls-0\">De l&#8217;analyse initiale \u00e0 la mise en \u0153uvre de services en nuage de pointe, ce guide d\u00e9crit les \u00e9tapes essentielles \u00e0 la modernisation de votre infrastructure informatique.  <\/p><\/div><div class=\"col-12 col-md-6 col-lg-4 mb-1 mb-md-3 pb-1\"><div class=\"d-flex flex-row align-items-start mb-2\"><i class=\"fs-26px me-3 ps-1 icon icon-check-circle text-primary\"><\/i><h5 class=\"mb-0 pe-5\">\u00c9tudes de cas r\u00e9els<\/h5><\/div><p class=\"mb-3 ls-0\">D\u00e9couvrez comment les organismes de sant\u00e9 ont r\u00e9ussi leur parcours de transformation num\u00e9rique avec Calian Corolar.<\/p><\/div><\/div><\/div><\/div><\/div>\n\n<div class=\"tbk-hydrate-component\" data-cid=\"bbf1d950-8011-4e93-b0e5-d9f1977bb5d5\" data-component=\"Hero\"><section class=\"calian-hero d-flex h-100 position-relative overflow-hidden nav-indent wp-block-calian-com-components-calian-hero media-position-split overlay-themed breadcrumbs-hidden\"><div class=\"container\"><div class=\"row\"><div class=\"calian-hero__content d-flex col-lg flex-column pb-3 justify-content-center mx-auto text-center\"><div class=\"calian-hero__copy-wrapper\"><h1 class=\"calian-hero__heading text-white\">Pr\u00eat \u00e0 moderniser vos plateformes de soins de sant\u00e9?<\/h1><div class=\"calian-hero__text text-white mt-2 mb-4\"> Contactez-nous pour en savoir plus sur la fa\u00e7on dont Calian peut vous aider \u00e0 passer au nuage. <\/div><a href=\"mailto:health@calian.com\" class=\"btn btn-light mb-4 mt-3\">Commencer<\/a><\/div><\/div><\/div><\/div><div class=\"calian-hero__overlay overlay-themed position-absolute w-100 h-100 top-0 start-0\"><\/div><span><\/span><\/section><\/div>\n\n<div class=\"tbk-hydrate-component\" data-cid=\"bdad41ae-2f7b-4b58-8f94-61e4ae77c49f\" data-component=\"LandingPageFooter\"><div class=\"landing-page-footer wp-block-calian-com-components-calian-landing-page-footer\"><div class=\"landing-page-footer__container container-fluid\"><a class=\"landing-page-footer__logo-link\" href=\"\/\"><img loading=\"lazy\" decoding=\"async\" src=\"https:\/\/sites.calian.com\/app\/dist\/logo-colour-WZMAWDEU.svg\" alt=\"\" width=\"180\" height=\"65\" class=\"landing-page-footer__logo-img\"\/><\/a><ul class=\"nav justify-content-start landing-page-footer__bottom-nav\"><li class=\"nav-item\"><a class=\"nav-link\" href=\"https:\/\/www.calian.com\/privacy-statement\/\" target=\"_blank\" rel=\"noopener\">D\u00e9claration de confidentialit\u00e9<\/a><\/li><li class=\"nav-item\"><a class=\"nav-link\" href=\"https:\/\/www.calian.com\/fr\/politique-daccessibilite\/\" target=\"_blank\" rel=\"noopener\">Politique d&#8217;accessibilit\u00e9<\/a><\/li><\/ul><p class=\"landing-page-footer__copyright\">\u00a9 2024 Calian Group Ltd. CNESST# AR-2000790<\/p><ul class=\"landing-page-footer__bottom--social-icons list-unstyled\"><li><a href=\"https:\/\/www.linkedin.com\/company\/calianhealth\/posts\/?feedView=all\" target=\"_blank\" aria-label=\"linkedin\" class=\"share-icon-link\" rel=\"noopener\"><i class=\"icon icon-linkedin\"><\/i><\/a><\/li><\/ul><\/div><\/div><\/div>\n","protected":false},"excerpt":{"rendered":"<p><a class=\"calian-header__navbar-brand navbar-brand\" href=\"https:\/\/www.calian.com\/\"> <\/a> <\/p>\n<ul class=\"nav justify-content-start calian-header__main-nav\">\n<li class=\"nav-item\"> <a class=\"nav-link\" href=\"https:\/\/www.calian.com\/health\/fr\/corolar\/\"> Accueil Corolar <\/a> <\/li>\n<\/ul>\n<p> <a class=\"calian-header__navbar-brand navbar-brand\" href=\"https:\/\/www.calian.com\/\"> <\/a> <\/p>\n<ul class=\"nav justify-content-start flex-column calian-header__main-nav--mobile\">\n<li class=\"nav-item\"> <a class=\"nav-link\" href=\"https:\/\/www.calian.com\/health\/fr\/corolar\/\"> Accueil Corolar <\/a> <\/li>\n<\/ul>\n<p> \u00c9valuez la maturit\u00e9 de vos donn\u00e9es de sant\u00e9 et de votre IA et transformez les soins aux patients. <\/p>\n<p class=\"has-white-color has-text-color &hellip; \n\n","protected":false},"author":7592,"featured_media":10216,"parent":0,"menu_order":30,"comment_status":"closed","ping_status":"closed","template":"page-landing-page.php","meta":{"_acf_changed":false,"content-type":"","footnotes":""},"solution":[67],"industry":[],"type_classification":[],"class_list":["post-10212","page","type-page","status-publish","has-post-thumbnail","hentry","solution-soins-de-sante"],"acf":[],"yoast_head":"<!-- This site is optimized with the Yoast SEO plugin v26.4 - https:\/\/yoast.com\/wordpress\/plugins\/seo\/ -->\n<title>\u00c9valuation de l&#039;\u00e9tat de pr\u00e9paration aux donn\u00e9es et \u00e0 l&#039;IA dans le secteur de la sant\u00e9 - Sant\u00e9 | Calian<\/title>\n<meta name=\"robots\" content=\"index, follow, max-snippet:-1, max-image-preview:large, max-video-preview:-1\" \/>\n<link rel=\"canonical\" href=\"https:\/\/www.calian.com\/health\/fr\/evaluation-de-letat-de-preparation-des-donnees-des-soins-de-sante\/\" \/>\n<meta property=\"og:locale\" content=\"fr_FR\" \/>\n<meta property=\"og:type\" content=\"article\" \/>\n<meta property=\"og:title\" content=\"\u00c9valuation de l&#039;\u00e9tat de pr\u00e9paration aux donn\u00e9es et \u00e0 l&#039;IA dans le secteur de la sant\u00e9 - Sant\u00e9 | Calian\" \/>\n<meta property=\"og:description\" content=\"Accueil Corolar     Accueil Corolar  \u00c9valuez la maturit\u00e9 de vos donn\u00e9es de sant\u00e9 et de votre IA et transformez les soins aux patients.\" \/>\n<meta property=\"og:url\" content=\"https:\/\/www.calian.com\/health\/fr\/evaluation-de-letat-de-preparation-des-donnees-des-soins-de-sante\/\" \/>\n<meta property=\"og:site_name\" content=\"Calian Sant\u00e9\" \/>\n<meta property=\"article:publisher\" content=\"https:\/\/www.facebook.com\/CalianGroup\/\" \/>\n<meta property=\"article:modified_time\" content=\"2024-11-12T19:58:28+00:00\" \/>\n<meta property=\"og:image\" content=\"https:\/\/sites.calian.com\/app\/uploads\/sites\/7\/2024\/11\/iStock-1306235482.jpg\" \/>\n\t<meta property=\"og:image:width\" content=\"2122\" \/>\n\t<meta property=\"og:image:height\" content=\"1413\" \/>\n\t<meta property=\"og:image:type\" content=\"image\/jpeg\" \/>\n<meta name=\"twitter:card\" content=\"summary_large_image\" \/>\n<meta name=\"twitter:site\" content=\"@CalianGroup\" \/>\n<meta name=\"twitter:label1\" content=\"Est. reading time\" \/>\n\t<meta name=\"twitter:data1\" content=\"3 minutes\" \/>\n<script type=\"application\/ld+json\" class=\"yoast-schema-graph\">{\"@context\":\"https:\/\/schema.org\",\"@graph\":[{\"@type\":\"WebPage\",\"@id\":\"https:\/\/www.calian.com\/health\/fr\/evaluation-de-letat-de-preparation-des-donnees-des-soins-de-sante\/\",\"url\":\"https:\/\/www.calian.com\/health\/fr\/evaluation-de-letat-de-preparation-des-donnees-des-soins-de-sante\/\",\"name\":\"\u00c9valuation de l'\u00e9tat de pr\u00e9paration aux donn\u00e9es et \u00e0 l'IA dans le secteur de la sant\u00e9 - Sant\u00e9 | Calian\",\"isPartOf\":{\"@id\":\"https:\/\/www.calian.com\/health\/fr\/en\/#website\"},\"primaryImageOfPage\":{\"@id\":\"https:\/\/www.calian.com\/health\/fr\/evaluation-de-letat-de-preparation-des-donnees-des-soins-de-sante\/#primaryimage\"},\"image\":{\"@id\":\"https:\/\/www.calian.com\/health\/fr\/evaluation-de-letat-de-preparation-des-donnees-des-soins-de-sante\/#primaryimage\"},\"thumbnailUrl\":\"https:\/\/sites.calian.com\/app\/uploads\/sites\/7\/2024\/11\/iStock-1306235482.jpg\",\"datePublished\":\"2024-11-12T19:39:45+00:00\",\"dateModified\":\"2024-11-12T19:58:28+00:00\",\"inLanguage\":\"fr-FR\",\"potentialAction\":[{\"@type\":\"ReadAction\",\"target\":[\"https:\/\/www.calian.com\/health\/fr\/evaluation-de-letat-de-preparation-des-donnees-des-soins-de-sante\/\"]}]},{\"@type\":\"ImageObject\",\"inLanguage\":\"fr-FR\",\"@id\":\"https:\/\/www.calian.com\/health\/fr\/evaluation-de-letat-de-preparation-des-donnees-des-soins-de-sante\/#primaryimage\",\"url\":\"https:\/\/sites.calian.com\/app\/uploads\/sites\/7\/2024\/11\/iStock-1306235482.jpg\",\"contentUrl\":\"https:\/\/sites.calian.com\/app\/uploads\/sites\/7\/2024\/11\/iStock-1306235482.jpg\",\"width\":2122,\"height\":1413,\"caption\":\"Woman analyzing the development of her business with hologram graphs on a tablet computer \u00e2\u0080\u0093 business strategy concepts\"},{\"@type\":\"WebSite\",\"@id\":\"https:\/\/www.calian.com\/health\/fr\/en\/#website\",\"url\":\"https:\/\/www.calian.com\/health\/fr\/en\/\",\"name\":\"Calian Sant\u00e9\",\"description\":\"\",\"publisher\":{\"@id\":\"https:\/\/www.calian.com\/health\/fr\/en\/#organization\"},\"potentialAction\":[{\"@type\":\"SearchAction\",\"target\":{\"@type\":\"EntryPoint\",\"urlTemplate\":\"https:\/\/www.calian.com\/health\/fr\/en\/?s={search_term_string}\"},\"query-input\":{\"@type\":\"PropertyValueSpecification\",\"valueRequired\":true,\"valueName\":\"search_term_string\"}}],\"inLanguage\":\"fr-FR\"},{\"@type\":\"Organization\",\"@id\":\"https:\/\/www.calian.com\/health\/fr\/en\/#organization\",\"name\":\"Calian\",\"url\":\"https:\/\/www.calian.com\/health\/fr\/en\/\",\"logo\":{\"@type\":\"ImageObject\",\"inLanguage\":\"fr-FR\",\"@id\":\"https:\/\/www.calian.com\/health\/fr\/en\/#\/schema\/logo\/image\/\",\"url\":\"https:\/\/sites.calian.com\/app\/uploads\/sites\/7\/2023\/12\/Calian-Logo-Tag-RGB-seo.webp\",\"contentUrl\":\"https:\/\/sites.calian.com\/app\/uploads\/sites\/7\/2023\/12\/Calian-Logo-Tag-RGB-seo.webp\",\"width\":696,\"height\":348,\"caption\":\"Calian\"},\"image\":{\"@id\":\"https:\/\/www.calian.com\/health\/fr\/en\/#\/schema\/logo\/image\/\"},\"sameAs\":[\"https:\/\/www.facebook.com\/CalianGroup\/\",\"https:\/\/x.com\/CalianGroup\",\"https:\/\/www.linkedin.com\/company\/calian\/\"]}]}<\/script>\n<!-- \/ Yoast SEO plugin. -->","yoast_head_json":{"title":"\u00c9valuation de l'\u00e9tat de pr\u00e9paration aux donn\u00e9es et \u00e0 l'IA dans le secteur de la sant\u00e9 - Sant\u00e9 | Calian","robots":{"index":"index","follow":"follow","max-snippet":"max-snippet:-1","max-image-preview":"max-image-preview:large","max-video-preview":"max-video-preview:-1"},"canonical":"https:\/\/www.calian.com\/health\/fr\/evaluation-de-letat-de-preparation-des-donnees-des-soins-de-sante\/","og_locale":"fr_FR","og_type":"article","og_title":"\u00c9valuation de l'\u00e9tat de pr\u00e9paration aux donn\u00e9es et \u00e0 l'IA dans le secteur de la sant\u00e9 - Sant\u00e9 | Calian","og_description":"Accueil Corolar     Accueil Corolar  \u00c9valuez la maturit\u00e9 de vos donn\u00e9es de sant\u00e9 et de votre IA et transformez les soins aux patients.","og_url":"https:\/\/www.calian.com\/health\/fr\/evaluation-de-letat-de-preparation-des-donnees-des-soins-de-sante\/","og_site_name":"Calian Sant\u00e9","article_publisher":"https:\/\/www.facebook.com\/CalianGroup\/","article_modified_time":"2024-11-12T19:58:28+00:00","og_image":[{"width":2122,"height":1413,"url":"https:\/\/sites.calian.com\/app\/uploads\/sites\/7\/2024\/11\/iStock-1306235482.jpg","type":"image\/jpeg"}],"twitter_card":"summary_large_image","twitter_site":"@CalianGroup","twitter_misc":{"Est. reading time":"3 minutes"},"schema":{"@context":"https:\/\/schema.org","@graph":[{"@type":"WebPage","@id":"https:\/\/www.calian.com\/health\/fr\/evaluation-de-letat-de-preparation-des-donnees-des-soins-de-sante\/","url":"https:\/\/www.calian.com\/health\/fr\/evaluation-de-letat-de-preparation-des-donnees-des-soins-de-sante\/","name":"\u00c9valuation de l'\u00e9tat de pr\u00e9paration aux donn\u00e9es et \u00e0 l'IA dans le secteur de la sant\u00e9 - Sant\u00e9 | Calian","isPartOf":{"@id":"https:\/\/www.calian.com\/health\/fr\/en\/#website"},"primaryImageOfPage":{"@id":"https:\/\/www.calian.com\/health\/fr\/evaluation-de-letat-de-preparation-des-donnees-des-soins-de-sante\/#primaryimage"},"image":{"@id":"https:\/\/www.calian.com\/health\/fr\/evaluation-de-letat-de-preparation-des-donnees-des-soins-de-sante\/#primaryimage"},"thumbnailUrl":"https:\/\/sites.calian.com\/app\/uploads\/sites\/7\/2024\/11\/iStock-1306235482.jpg","datePublished":"2024-11-12T19:39:45+00:00","dateModified":"2024-11-12T19:58:28+00:00","inLanguage":"fr-FR","potentialAction":[{"@type":"ReadAction","target":["https:\/\/www.calian.com\/health\/fr\/evaluation-de-letat-de-preparation-des-donnees-des-soins-de-sante\/"]}]},{"@type":"ImageObject","inLanguage":"fr-FR","@id":"https:\/\/www.calian.com\/health\/fr\/evaluation-de-letat-de-preparation-des-donnees-des-soins-de-sante\/#primaryimage","url":"https:\/\/sites.calian.com\/app\/uploads\/sites\/7\/2024\/11\/iStock-1306235482.jpg","contentUrl":"https:\/\/sites.calian.com\/app\/uploads\/sites\/7\/2024\/11\/iStock-1306235482.jpg","width":2122,"height":1413,"caption":"Woman analyzing the development of her business with hologram graphs on a tablet computer \u00e2\u0080\u0093 business strategy concepts"},{"@type":"WebSite","@id":"https:\/\/www.calian.com\/health\/fr\/en\/#website","url":"https:\/\/www.calian.com\/health\/fr\/en\/","name":"Calian Sant\u00e9","description":"","publisher":{"@id":"https:\/\/www.calian.com\/health\/fr\/en\/#organization"},"potentialAction":[{"@type":"SearchAction","target":{"@type":"EntryPoint","urlTemplate":"https:\/\/www.calian.com\/health\/fr\/en\/?s={search_term_string}"},"query-input":{"@type":"PropertyValueSpecification","valueRequired":true,"valueName":"search_term_string"}}],"inLanguage":"fr-FR"},{"@type":"Organization","@id":"https:\/\/www.calian.com\/health\/fr\/en\/#organization","name":"Calian","url":"https:\/\/www.calian.com\/health\/fr\/en\/","logo":{"@type":"ImageObject","inLanguage":"fr-FR","@id":"https:\/\/www.calian.com\/health\/fr\/en\/#\/schema\/logo\/image\/","url":"https:\/\/sites.calian.com\/app\/uploads\/sites\/7\/2023\/12\/Calian-Logo-Tag-RGB-seo.webp","contentUrl":"https:\/\/sites.calian.com\/app\/uploads\/sites\/7\/2023\/12\/Calian-Logo-Tag-RGB-seo.webp","width":696,"height":348,"caption":"Calian"},"image":{"@id":"https:\/\/www.calian.com\/health\/fr\/en\/#\/schema\/logo\/image\/"},"sameAs":["https:\/\/www.facebook.com\/CalianGroup\/","https:\/\/x.com\/CalianGroup","https:\/\/www.linkedin.com\/company\/calian\/"]}]}},"_links":{"self":[{"href":"https:\/\/health.calian.com\/fr\/wp-json\/wp\/v2\/pages\/10212","targetHints":{"allow":["GET"]}}],"collection":[{"href":"https:\/\/health.calian.com\/fr\/wp-json\/wp\/v2\/pages"}],"about":[{"href":"https:\/\/health.calian.com\/fr\/wp-json\/wp\/v2\/types\/page"}],"author":[{"embeddable":true,"href":"https:\/\/health.calian.com\/fr\/wp-json\/wp\/v2\/users\/7592"}],"replies":[{"embeddable":true,"href":"https:\/\/health.calian.com\/fr\/wp-json\/wp\/v2\/comments?post=10212"}],"version-history":[{"count":7,"href":"https:\/\/health.calian.com\/fr\/wp-json\/wp\/v2\/pages\/10212\/revisions"}],"predecessor-version":[{"id":10236,"href":"https:\/\/health.calian.com\/fr\/wp-json\/wp\/v2\/pages\/10212\/revisions\/10236"}],"wp:featuredmedia":[{"embeddable":true,"href":"https:\/\/health.calian.com\/fr\/wp-json\/wp\/v2\/media\/10216"}],"wp:attachment":[{"href":"https:\/\/health.calian.com\/fr\/wp-json\/wp\/v2\/media?parent=10212"}],"wp:term":[{"taxonomy":"solution","embeddable":true,"href":"https:\/\/health.calian.com\/fr\/wp-json\/wp\/v2\/solution?post=10212"},{"taxonomy":"industry","embeddable":true,"href":"https:\/\/health.calian.com\/fr\/wp-json\/wp\/v2\/industry?post=10212"},{"taxonomy":"type_classification","embeddable":true,"href":"https:\/\/health.calian.com\/fr\/wp-json\/wp\/v2\/type_classification?post=10212"}],"curies":[{"name":"wp","href":"https:\/\/api.w.org\/{rel}","templated":true}]}}